{"id":3412,"date":"2025-09-18T11:09:06","date_gmt":"2025-09-18T09:09:06","guid":{"rendered":"https:\/\/inclusive.wp.steppers.be\/?page_id=3412"},"modified":"2025-11-27T09:14:49","modified_gmt":"2025-11-27T08:14:49","slug":"temoigner","status":"publish","type":"page","link":"https:\/\/inclusive-steps.be\/neerlandais\/temoigner\/","title":{"rendered":"Getuigenis geven"},"content":{"rendered":"\t\t<div data-elementor-type=\"wp-page\" data-elementor-id=\"3412\" class=\"elementor elementor-3412\" data-elementor-post-type=\"page\">\n\t\t\t\t<div class=\"elementor-element elementor-element-1c1fc8a e-con-full e-flex e-con e-parent\" data-id=\"1c1fc8a\" data-element_type=\"container\" data-e-type=\"container\">\n\t\t<div class=\"elementor-element elementor-element-781ed31 e-flex e-con-boxed e-con e-child\" data-id=\"781ed31\" data-element_type=\"container\" data-e-type=\"container\" data-settings=\"{&quot;background_background&quot;:&quot;classic&quot;}\">\n\t\t\t\t\t<div class=\"e-con-inner\">\n\t\t\t\t<div class=\"elementor-element elementor-element-71475db elementor-widget elementor-widget-image\" data-id=\"71475db\" data-element_type=\"widget\" data-e-type=\"widget\" data-widget_type=\"image.default\">\n\t\t\t\t\t\t\t\t\t\t\t\t\t\t\t<img decoding=\"async\" width=\"150\" height=\"150\" data-src=\"https:\/\/inclusive-steps.be\/wp-content\/uploads\/2025\/11\/header-temoignage-150x150.webp\" class=\"attachment-thumbnail size-thumbnail wp-image-5956 lazyload\" alt=\"\" data-srcset=\"https:\/\/inclusive-steps.be\/wp-content\/uploads\/2025\/11\/header-temoignage-150x150.webp 150w, https:\/\/inclusive-steps.be\/wp-content\/uploads\/2025\/11\/header-temoignage-12x12.webp 12w, https:\/\/inclusive-steps.be\/wp-content\/uploads\/2025\/11\/header-temoignage.webp 213w\" data-sizes=\"(max-width: 150px) 100vw, 150px\" src=\"data:image\/svg+xml;base64,PHN2ZyB3aWR0aD0iMSIgaGVpZ2h0PSIxIiB4bWxucz0iaHR0cDovL3d3dy53My5vcmcvMjAwMC9zdmciPjwvc3ZnPg==\" style=\"--smush-placeholder-width: 150px; --smush-placeholder-aspect-ratio: 150\/150;\" \/>\t\t\t\t\t\t\t\t\t\t\t\t\t\t\t<\/div>\n\t\t<div class=\"elementor-element elementor-element-f6761a3 e-con-full e-flex e-con e-child\" data-id=\"f6761a3\" data-element_type=\"container\" data-e-type=\"container\">\n\t\t\t\t<div class=\"elementor-element elementor-element-07c0cfd elementor-widget elementor-widget-heading\" data-id=\"07c0cfd\" data-element_type=\"widget\" data-e-type=\"widget\" data-widget_type=\"heading.default\">\n\t\t\t\t\t<h2 class=\"elementor-heading-title elementor-size-default\">T\u00e9moigner<\/h2>\t\t\t\t<\/div>\n\t\t\t\t<div class=\"elementor-element elementor-element-6d8e3b3 elementor-widget elementor-widget-text-editor\" data-id=\"6d8e3b3\" data-element_type=\"widget\" data-e-type=\"widget\" data-widget_type=\"text-editor.default\">\n\t\t\t\t\t\t\t\t\t<p>Naviguer sur le web sans difficult\u00e9\u2026 ou rencontrer des freins \u00e0 chaque \u00e9tape ? Racontez-nous votre exp\u00e9rience.<\/p>\t\t\t\t\t\t\t\t<\/div>\n\t\t\t\t<\/div>\n\t\t\t\t\t<\/div>\n\t\t\t\t<\/div>\n\t\t<div class=\"elementor-element elementor-element-65827ca e-flex e-con-boxed e-con e-child\" data-id=\"65827ca\" data-element_type=\"container\" data-e-type=\"container\">\n\t\t\t\t\t<div class=\"e-con-inner\">\n\t\t\t\t<div class=\"elementor-element elementor-element-6eb1c26 elementor-widget elementor-widget-text-editor\" data-id=\"6eb1c26\" data-element_type=\"widget\" data-e-type=\"widget\" data-widget_type=\"text-editor.default\">\n\t\t\t\t\t\t\t\t\t<p><em>Les champs obligatoires sont signifi\u00e9s par une ast\u00e9risque rouge (<span style=\"color: #ff0000;\">*<\/span>)<\/em><\/p>\t\t\t\t\t\t\t\t<\/div>\n\t\t\t\t<div class=\"elementor-element elementor-element-9486c1b elementor-button-align-center elementor-widget elementor-widget-form\" data-id=\"9486c1b\" data-element_type=\"widget\" data-e-type=\"widget\" data-settings=\"{&quot;step_type&quot;:&quot;number&quot;,&quot;step_icon_shape&quot;:&quot;square&quot;,&quot;button_width&quot;:&quot;100&quot;}\" data-widget_type=\"form.default\">\n\t\t\t\t\t\t\t<form class=\"elementor-form\" method=\"post\" name=\"Questionnaire t\u00e9moignages\" aria-label=\"Questionnaire t\u00e9moignages\">\n\t\t\t<input type=\"hidden\" name=\"post_id\" value=\"3412\"\/>\n\t\t\t<input type=\"hidden\" name=\"form_id\" value=\"9486c1b\"\/>\n\t\t\t<input type=\"hidden\" name=\"referer_title\" value=\"Inclusive steps\" \/>\n\n\t\t\t\n\t\t\t<div class=\"elementor-form-fields-wrapper elementor-labels-above\">\n\t\t\t\t\t\t\t\t<div class=\"elementor-field-type-html elementor-field-group elementor-column elementor-field-group-field_f8abd0b elementor-col-100\">\n\t\t\t\t\t<div class=\"step-number-one\">1<\/div>\n<style>\n.step-number-one {\n  width: 2.4rem; \n  height: 2.4rem;\n  background-color: #5C30FF;\n  color: white; \n  font-size: 1rem;\n  font-weight: bold;\n  display: flex;\n  align-items: center;\n  justify-content: center;\n  border-radius: 5px;\n}\n<\/style>\t\t\t\t<\/div>\n\t\t\t\t\t\t\t\t<div class=\"elementor-field-type-text elementor-field-group elementor-column elementor-field-group-field_88f1f35 elementor-col-100 elementor-field-required\">\n\t\t\t\t\t\t\t\t\t\t\t\t<label for=\"form-field-field_88f1f35\" class=\"elementor-field-label\">\n\t\t\t\t\t\t\t\tVotre pr\u00e9nom <span style=\"color: red; font-size: 16px\">*<\/span> \t\t\t\t\t\t\t<\/label>\n\t\t\t\t\t\t\t\t\t\t\t\t\t\t<input size=\"1\" type=\"text\" name=\"form_fields[field_88f1f35]\" id=\"form-field-field_88f1f35\" class=\"elementor-field elementor-size-md  elementor-field-textual\" required=\"required\">\n\t\t\t\t\t\t\t\t\t\t\t<\/div>\n\t\t\t\t\t\t\t\t<div class=\"elementor-field-type-html elementor-field-group elementor-column elementor-field-group-field_5f758fe elementor-col-100\">\n\t\t\t\t\t<div class=\"step-number\">2<\/div>\n<style>\n.step-number {\nmargin-top: 2.5rem;\n  width: 2.4rem; \n  height: 2.4rem;\n  background-color: #5C30FF;\n  color: white; \n  font-size: 1rem;\n  font-weight: bold;\n  display: flex;\n  align-items: center;\n  justify-content: center;\n  border-radius: 5px;\n}\n<\/style>\t\t\t\t<\/div>\n\t\t\t\t\t\t\t\t<div class=\"elementor-field-type-textarea elementor-field-group elementor-column elementor-field-group-name elementor-col-100\">\n\t\t\t\t\t\t\t\t\t\t\t\t<label for=\"form-field-name\" class=\"elementor-field-label\">\n\t\t\t\t\t\t\t\tSi vous le souhaitez, sp\u00e9cifiez votre handicap (facultatif)\t\t\t\t\t\t\t<\/label>\n\t\t\t\t\t\t<textarea class=\"elementor-field-textual elementor-field  elementor-size-md\" name=\"form_fields[name]\" id=\"form-field-name\" rows=\"3\"><\/textarea>\t\t\t\t<\/div>\n\t\t\t\t\t\t\t\t<div class=\"elementor-field-type-html elementor-field-group elementor-column elementor-field-group-field_5c58977 elementor-col-100\">\n\t\t\t\t\t<div class=\"step-number\">3<\/div>\n<style>\n.step-number {\nmargin-top: 2.5rem;\n  width: 2.4rem; \n  height: 2.4rem;\n  background-color: #5C30FF;\n  color: white; \n  font-size: 1rem;\n  font-weight: bold;\n  display: flex;\n  align-items: center;\n  justify-content: center;\n  border-radius: 5px;\n}\n<\/style>\t\t\t\t<\/div>\n\t\t\t\t\t\t\t\t<div class=\"elementor-field-type-textarea elementor-field-group elementor-column elementor-field-group-field_436f3c6 elementor-col-100 elementor-field-required\">\n\t\t\t\t\t\t\t\t\t\t\t\t<label for=\"form-field-field_436f3c6\" class=\"elementor-field-label\">\n\t\t\t\t\t\t\t\tD\u00e9crivez vos besoins ou outils particuliers pour naviguer sur le web <span style=\"color: red; font-size: 16px\">*<\/span><br> Exemple : navigation sans souris, utilisation du zoom, adaptation des couleurs, lecteurs d\u2019\u00e9cran\u2026\t\t\t\t\t\t\t<\/label>\n\t\t\t\t\t\t<textarea class=\"elementor-field-textual elementor-field  elementor-size-md\" name=\"form_fields[field_436f3c6]\" id=\"form-field-field_436f3c6\" rows=\"3\" required=\"required\"><\/textarea>\t\t\t\t<\/div>\n\t\t\t\t\t\t\t\t<div class=\"elementor-field-type-html elementor-field-group elementor-column elementor-field-group-field_c0097dd elementor-col-100\">\n\t\t\t\t\t<div class=\"step-number\">4<\/div>\n<style>\n.step-number {\nmargin-top: 2.5rem;\n  width: 2.4rem; \n  height: 2.4rem;\n  background-color: #5C30FF;\n  color: white; \n  font-size: 1rem;\n  font-weight: bold;\n  display: flex;\n  align-items: center;\n  justify-content: center;\n  border-radius: 5px;\n}\n<\/style>\t\t\t\t<\/div>\n\t\t\t\t\t\t\t\t<div class=\"elementor-field-type-textarea elementor-field-group elementor-column elementor-field-group-field_c8eaef9 elementor-col-100 elementor-field-required\">\n\t\t\t\t\t\t\t\t\t\t\t\t<label for=\"form-field-field_c8eaef9\" class=\"elementor-field-label\">\n\t\t\t\t\t\t\t\tRacontez nous l\u2019exp\u00e9rience que vous voulez partager, positive ou n\u00e9gative, qui d\u00e9montre \u00e0 votre sens l\u2019impact et l\u2019importance de l\u2019accessibilit\u00e9 num\u00e9rique. <span style=\"color: red; font-size: 16px\">*<\/span><br>Vous pouvez par exemple nous parler de : <br><br><ul><li>Vos blocages ou frustrations face \u00e0 des outils num\u00e9riques non accessibles.<\/li><li> Des situations concr\u00e8tes o\u00f9 l'accessibilit\u00e9 a vraiment aid\u00e9.<\/li><li>L'impact de l'inaccessibilit\u00e9 num\u00e9rique sur votre autonomie ou votre quotidien.<\/li><\/ul>\t\t\t\t\t\t\t<\/label>\n\t\t\t\t\t\t<textarea class=\"elementor-field-textual elementor-field  elementor-size-md\" name=\"form_fields[field_c8eaef9]\" id=\"form-field-field_c8eaef9\" rows=\"3\" required=\"required\"><\/textarea>\t\t\t\t<\/div>\n\t\t\t\t\t\t\t\t<div class=\"elementor-field-type-html elementor-field-group elementor-column elementor-field-group-field_63bf3f6 elementor-col-100\">\n\t\t\t\t\t<div class=\"step-number\">5<\/div>\n<style>\n.step-number {\nmargin-top: 2.5rem;\n  width: 2.4rem; \n  height: 2.4rem;\n  background-color: #5C30FF;\n  color: white; \n  font-size: 1rem;\n  font-weight: bold;\n  display: flex;\n  align-items: center;\n  justify-content: center;\n  border-radius: 5px;\n}\n<\/style>\t\t\t\t<\/div>\n\t\t\t\t\t\t\t\t<div class=\"elementor-field-type-email elementor-field-group elementor-column elementor-field-group-field_34a8233 elementor-col-100\">\n\t\t\t\t\t\t\t\t\t\t\t\t<label for=\"form-field-field_34a8233\" class=\"elementor-field-label\">\n\t\t\t\t\t\t\t\tRenseigner votre e-mail. Il sera utilis\u00e9 uniquement pour que nous puissions vous joindre si besoin, afin de nous assurer que votre t\u00e9moignage est fid\u00e8lement retranscrit <span style=\"color: red; font-size: 16px\">*<\/span>\t\t\t\t\t\t\t<\/label>\n\t\t\t\t\t\t\t\t\t\t\t\t\t\t<input size=\"1\" type=\"email\" name=\"form_fields[field_34a8233]\" id=\"form-field-field_34a8233\" class=\"elementor-field elementor-size-md  elementor-field-textual\">\n\t\t\t\t\t\t\t\t\t\t\t<\/div>\n\t\t\t\t\t\t\t\t<div class=\"elementor-field-group elementor-column elementor-field-type-submit elementor-col-100 e-form__buttons\">\n\t\t\t\t\t<button class=\"elementor-button elementor-size-sm\" type=\"submit\" id=\"send-button\">\n\t\t\t\t\t\t<span class=\"elementor-button-content-wrapper\">\n\t\t\t\t\t\t\t\t\t\t\t\t\t\t\t\t\t\t\t\t\t\t<span class=\"elementor-button-text\">J'envoie mon t\u00e9moignage<\/span>\n\t\t\t\t\t\t\t\t\t\t\t\t\t<\/span>\n\t\t\t\t\t<\/button>\n\t\t\t\t<\/div>\n\t\t\t<\/div>\n\t\t<\/form>\n\t\t\t\t\t\t<\/div>\n\t\t\t\t\t<\/div>\n\t\t\t\t<\/div>\n\t\t\t\t<\/div>\n\t\t\t\t<\/div>\n\t\t","protected":false},"excerpt":{"rendered":"<p>T\u00e9moigner Naviguer sur le web sans difficult\u00e9\u2026 ou rencontrer des freins \u00e0 chaque \u00e9tape ? Racontez-nous votre exp\u00e9rience. Les champs obligatoires sont signifi\u00e9s par une ast\u00e9risque rouge (*)<\/p>","protected":false},"author":1,"featured_media":0,"parent":0,"menu_order":1,"comment_status":"closed","ping_status":"closed","template":"","meta":{"_acf_changed":false,"footnotes":""},"class_list":["post-3412","page","type-page","status-publish","hentry"],"acf":[],"yoast_head":"<!-- This site is optimized with the Yoast SEO plugin v27.3 - https:\/\/yoast.com\/product\/yoast-seo-wordpress\/ -->\n<title>T\u00e9moigner - Inclusive steps<\/title>\n<meta name=\"robots\" content=\"index, follow, max-snippet:-1, max-image-preview:large, max-video-preview:-1\" \/>\n<link rel=\"canonical\" href=\"https:\/\/inclusive-steps.be\/neerlandais\/temoigner\/\" \/>\n<meta property=\"og:locale\" content=\"nl_NL\" \/>\n<meta property=\"og:type\" content=\"article\" \/>\n<meta property=\"og:title\" content=\"T\u00e9moigner - Inclusive steps\" \/>\n<meta property=\"og:description\" content=\"T\u00e9moigner Naviguer sur le web sans difficult\u00e9\u2026 ou rencontrer des freins \u00e0 chaque \u00e9tape ? Racontez-nous votre exp\u00e9rience. Les champs obligatoires sont signifi\u00e9s par une ast\u00e9risque rouge (*)\" \/>\n<meta property=\"og:url\" content=\"https:\/\/inclusive-steps.be\/neerlandais\/temoigner\/\" \/>\n<meta property=\"og:site_name\" content=\"Inclusive steps\" \/>\n<meta property=\"article:modified_time\" content=\"2025-11-27T08:14:49+00:00\" \/>\n<meta property=\"og:image\" content=\"https:\/\/inclusive-steps.be\/wp-content\/uploads\/2025\/11\/header-temoignage.webp\" \/>\n\t<meta property=\"og:image:width\" content=\"213\" \/>\n\t<meta property=\"og:image:height\" content=\"213\" \/>\n\t<meta property=\"og:image:type\" content=\"image\/webp\" \/>\n<meta name=\"twitter:card\" content=\"summary_large_image\" \/>\n<meta name=\"twitter:label1\" content=\"Geschatte leestijd\" \/>\n\t<meta name=\"twitter:data1\" content=\"1 minuut\" \/>\n<script type=\"application\/ld+json\" class=\"yoast-schema-graph\">{\"@context\":\"https:\\\/\\\/schema.org\",\"@graph\":[{\"@type\":\"WebPage\",\"@id\":\"https:\\\/\\\/inclusive-steps.be\\\/temoigner\\\/\",\"url\":\"https:\\\/\\\/inclusive-steps.be\\\/temoigner\\\/\",\"name\":\"T\u00e9moigner - Inclusive steps\",\"isPartOf\":{\"@id\":\"https:\\\/\\\/inclusive-steps.be\\\/#website\"},\"primaryImageOfPage\":{\"@id\":\"https:\\\/\\\/inclusive-steps.be\\\/temoigner\\\/#primaryimage\"},\"image\":{\"@id\":\"https:\\\/\\\/inclusive-steps.be\\\/temoigner\\\/#primaryimage\"},\"thumbnailUrl\":\"https:\\\/\\\/inclusive-steps.be\\\/wp-content\\\/uploads\\\/2025\\\/11\\\/header-temoignage-150x150.webp\",\"datePublished\":\"2025-09-18T09:09:06+00:00\",\"dateModified\":\"2025-11-27T08:14:49+00:00\",\"breadcrumb\":{\"@id\":\"https:\\\/\\\/inclusive-steps.be\\\/temoigner\\\/#breadcrumb\"},\"inLanguage\":\"nl-NL\",\"potentialAction\":[{\"@type\":\"ReadAction\",\"target\":[\"https:\\\/\\\/inclusive-steps.be\\\/temoigner\\\/\"]}]},{\"@type\":\"ImageObject\",\"inLanguage\":\"nl-NL\",\"@id\":\"https:\\\/\\\/inclusive-steps.be\\\/temoigner\\\/#primaryimage\",\"url\":\"https:\\\/\\\/inclusive-steps.be\\\/wp-content\\\/uploads\\\/2025\\\/11\\\/header-temoignage-150x150.webp\",\"contentUrl\":\"https:\\\/\\\/inclusive-steps.be\\\/wp-content\\\/uploads\\\/2025\\\/11\\\/header-temoignage-150x150.webp\"},{\"@type\":\"BreadcrumbList\",\"@id\":\"https:\\\/\\\/inclusive-steps.be\\\/temoigner\\\/#breadcrumb\",\"itemListElement\":[{\"@type\":\"ListItem\",\"position\":1,\"name\":\"Accueil\",\"item\":\"https:\\\/\\\/inclusive-steps.be\\\/\"},{\"@type\":\"ListItem\",\"position\":2,\"name\":\"T\u00e9moigner\"}]},{\"@type\":\"WebSite\",\"@id\":\"https:\\\/\\\/inclusive-steps.be\\\/#website\",\"url\":\"https:\\\/\\\/inclusive-steps.be\\\/\",\"name\":\"Inclusive steps\",\"description\":\"Think accessible, build better\",\"publisher\":{\"@id\":\"https:\\\/\\\/inclusive-steps.be\\\/#organization\"},\"potentialAction\":[{\"@type\":\"SearchAction\",\"target\":{\"@type\":\"EntryPoint\",\"urlTemplate\":\"https:\\\/\\\/inclusive-steps.be\\\/?s={search_term_string}\"},\"query-input\":{\"@type\":\"PropertyValueSpecification\",\"valueRequired\":true,\"valueName\":\"search_term_string\"}}],\"inLanguage\":\"nl-NL\"},{\"@type\":\"Organization\",\"@id\":\"https:\\\/\\\/inclusive-steps.be\\\/#organization\",\"name\":\"Inclusive steps\",\"url\":\"https:\\\/\\\/inclusive-steps.be\\\/\",\"logo\":{\"@type\":\"ImageObject\",\"inLanguage\":\"nl-NL\",\"@id\":\"https:\\\/\\\/inclusive-steps.be\\\/#\\\/schema\\\/logo\\\/image\\\/\",\"url\":\"https:\\\/\\\/inclusive-steps.be\\\/wp-content\\\/uploads\\\/2025\\\/09\\\/favicon.svg\",\"contentUrl\":\"https:\\\/\\\/inclusive-steps.be\\\/wp-content\\\/uploads\\\/2025\\\/09\\\/favicon.svg\",\"width\":58,\"height\":57,\"caption\":\"Inclusive steps\"},\"image\":{\"@id\":\"https:\\\/\\\/inclusive-steps.be\\\/#\\\/schema\\\/logo\\\/image\\\/\"}}]}<\/script>\n<!-- \/ Yoast SEO plugin. -->","yoast_head_json":{"title":"T\u00e9moigner - Inclusive steps","robots":{"index":"index","follow":"follow","max-snippet":"max-snippet:-1","max-image-preview":"max-image-preview:large","max-video-preview":"max-video-preview:-1"},"canonical":"https:\/\/inclusive-steps.be\/neerlandais\/temoigner\/","og_locale":"nl_NL","og_type":"article","og_title":"T\u00e9moigner - Inclusive steps","og_description":"T\u00e9moigner Naviguer sur le web sans difficult\u00e9\u2026 ou rencontrer des freins \u00e0 chaque \u00e9tape ? Racontez-nous votre exp\u00e9rience. Les champs obligatoires sont signifi\u00e9s par une ast\u00e9risque rouge (*)","og_url":"https:\/\/inclusive-steps.be\/neerlandais\/temoigner\/","og_site_name":"Inclusive steps","article_modified_time":"2025-11-27T08:14:49+00:00","og_image":[{"width":213,"height":213,"url":"https:\/\/inclusive-steps.be\/wp-content\/uploads\/2025\/11\/header-temoignage.webp","type":"image\/webp"}],"twitter_card":"summary_large_image","twitter_misc":{"Geschatte leestijd":"1 minuut"},"schema":{"@context":"https:\/\/schema.org","@graph":[{"@type":"WebPage","@id":"https:\/\/inclusive-steps.be\/temoigner\/","url":"https:\/\/inclusive-steps.be\/temoigner\/","name":"T\u00e9moigner - Inclusive steps","isPartOf":{"@id":"https:\/\/inclusive-steps.be\/#website"},"primaryImageOfPage":{"@id":"https:\/\/inclusive-steps.be\/temoigner\/#primaryimage"},"image":{"@id":"https:\/\/inclusive-steps.be\/temoigner\/#primaryimage"},"thumbnailUrl":"https:\/\/inclusive-steps.be\/wp-content\/uploads\/2025\/11\/header-temoignage-150x150.webp","datePublished":"2025-09-18T09:09:06+00:00","dateModified":"2025-11-27T08:14:49+00:00","breadcrumb":{"@id":"https:\/\/inclusive-steps.be\/temoigner\/#breadcrumb"},"inLanguage":"nl-NL","potentialAction":[{"@type":"ReadAction","target":["https:\/\/inclusive-steps.be\/temoigner\/"]}]},{"@type":"ImageObject","inLanguage":"nl-NL","@id":"https:\/\/inclusive-steps.be\/temoigner\/#primaryimage","url":"https:\/\/inclusive-steps.be\/wp-content\/uploads\/2025\/11\/header-temoignage-150x150.webp","contentUrl":"https:\/\/inclusive-steps.be\/wp-content\/uploads\/2025\/11\/header-temoignage-150x150.webp"},{"@type":"BreadcrumbList","@id":"https:\/\/inclusive-steps.be\/temoigner\/#breadcrumb","itemListElement":[{"@type":"ListItem","position":1,"name":"Accueil","item":"https:\/\/inclusive-steps.be\/"},{"@type":"ListItem","position":2,"name":"T\u00e9moigner"}]},{"@type":"WebSite","@id":"https:\/\/inclusive-steps.be\/#website","url":"https:\/\/inclusive-steps.be\/","name":"Inclusive steps","description":"Think accessible, build better","publisher":{"@id":"https:\/\/inclusive-steps.be\/#organization"},"potentialAction":[{"@type":"SearchAction","target":{"@type":"EntryPoint","urlTemplate":"https:\/\/inclusive-steps.be\/?s={search_term_string}"},"query-input":{"@type":"PropertyValueSpecification","valueRequired":true,"valueName":"search_term_string"}}],"inLanguage":"nl-NL"},{"@type":"Organization","@id":"https:\/\/inclusive-steps.be\/#organization","name":"Inclusive steps","url":"https:\/\/inclusive-steps.be\/","logo":{"@type":"ImageObject","inLanguage":"nl-NL","@id":"https:\/\/inclusive-steps.be\/#\/schema\/logo\/image\/","url":"https:\/\/inclusive-steps.be\/wp-content\/uploads\/2025\/09\/favicon.svg","contentUrl":"https:\/\/inclusive-steps.be\/wp-content\/uploads\/2025\/09\/favicon.svg","width":58,"height":57,"caption":"Inclusive steps"},"image":{"@id":"https:\/\/inclusive-steps.be\/#\/schema\/logo\/image\/"}}]}},"_links":{"self":[{"href":"https:\/\/inclusive-steps.be\/neerlandais\/wp-json\/wp\/v2\/pages\/3412","targetHints":{"allow":["GET"]}}],"collection":[{"href":"https:\/\/inclusive-steps.be\/neerlandais\/wp-json\/wp\/v2\/pages"}],"about":[{"href":"https:\/\/inclusive-steps.be\/neerlandais\/wp-json\/wp\/v2\/types\/page"}],"author":[{"embeddable":true,"href":"https:\/\/inclusive-steps.be\/neerlandais\/wp-json\/wp\/v2\/users\/1"}],"replies":[{"embeddable":true,"href":"https:\/\/inclusive-steps.be\/neerlandais\/wp-json\/wp\/v2\/comments?post=3412"}],"version-history":[{"count":106,"href":"https:\/\/inclusive-steps.be\/neerlandais\/wp-json\/wp\/v2\/pages\/3412\/revisions"}],"predecessor-version":[{"id":6084,"href":"https:\/\/inclusive-steps.be\/neerlandais\/wp-json\/wp\/v2\/pages\/3412\/revisions\/6084"}],"wp:attachment":[{"href":"https:\/\/inclusive-steps.be\/neerlandais\/wp-json\/wp\/v2\/media?parent=3412"}],"curies":[{"name":"wp","href":"https:\/\/api.w.org\/{rel}","templated":true}]}}