{"id":3420,"date":"2025-09-18T11:10:23","date_gmt":"2025-09-18T09:10:23","guid":{"rendered":"https:\/\/inclusive.wp.steppers.be\/?page_id=3420"},"modified":"2025-11-25T15:38:13","modified_gmt":"2025-11-25T14:38:13","slug":"proposer-ressource","status":"publish","type":"page","link":"https:\/\/inclusive-steps.be\/neerlandais\/proposer-ressource\/","title":{"rendered":"Proposer ressource"},"content":{"rendered":"\t\t<div data-elementor-type=\"wp-page\" data-elementor-id=\"3420\" class=\"elementor elementor-3420\" data-elementor-post-type=\"page\">\n\t\t\t\t<div class=\"elementor-element elementor-element-347dd63 e-con-full e-flex e-con e-parent\" data-id=\"347dd63\" data-element_type=\"container\" data-e-type=\"container\">\n\t\t<div class=\"elementor-element elementor-element-60825f1 e-con-full e-flex e-con e-child\" data-id=\"60825f1\" data-element_type=\"container\" data-e-type=\"container\" data-settings=\"{&quot;background_background&quot;:&quot;classic&quot;}\">\n\t\t\t\t<div class=\"elementor-element elementor-element-b8e06fd elementor-widget elementor-widget-image\" data-id=\"b8e06fd\" data-element_type=\"widget\" data-e-type=\"widget\" data-widget_type=\"image.default\">\n\t\t\t\t\t\t\t\t\t\t\t\t\t\t\t<img decoding=\"async\" data-src=\"https:\/\/inclusive-steps.be\/wp-content\/uploads\/2025\/09\/header-arg.webp\" title=\"\" alt=\"\" src=\"data:image\/svg+xml;base64,PHN2ZyB3aWR0aD0iMSIgaGVpZ2h0PSIxIiB4bWxucz0iaHR0cDovL3d3dy53My5vcmcvMjAwMC9zdmciPjwvc3ZnPg==\" class=\"lazyload\" \/>\t\t\t\t\t\t\t\t\t\t\t\t\t\t\t<\/div>\n\t\t<div class=\"elementor-element elementor-element-edd9226 e-con-full e-flex e-con e-child\" data-id=\"edd9226\" data-element_type=\"container\" data-e-type=\"container\">\n\t\t\t\t<div class=\"elementor-element elementor-element-7b41b45 elementor-widget elementor-widget-heading\" data-id=\"7b41b45\" data-element_type=\"widget\" data-e-type=\"widget\" data-widget_type=\"heading.default\">\n\t\t\t\t\t<h2 class=\"elementor-heading-title elementor-size-default\">Proposer une ressource<\/h2>\t\t\t\t<\/div>\n\t\t\t\t<div class=\"elementor-element elementor-element-3b631f5 elementor-widget elementor-widget-text-editor\" data-id=\"3b631f5\" data-element_type=\"widget\" data-e-type=\"widget\" data-widget_type=\"text-editor.default\">\n\t\t\t\t\t\t\t\t\t<p>Vous connaissez une ressource qui enrichirait nos fiches ? Partagez-la ici !\u00a0<\/p>\t\t\t\t\t\t\t\t<\/div>\n\t\t\t\t<\/div>\n\t\t\t\t<\/div>\n\t\t<div class=\"elementor-element elementor-element-6d2243a e-flex e-con-boxed e-con e-child\" data-id=\"6d2243a\" data-element_type=\"container\" data-e-type=\"container\">\n\t\t\t\t\t<div class=\"e-con-inner\">\n\t\t\t\t<div class=\"elementor-element elementor-element-3ea29d3 elementor-widget elementor-widget-text-editor\" data-id=\"3ea29d3\" data-element_type=\"widget\" data-e-type=\"widget\" data-widget_type=\"text-editor.default\">\n\t\t\t\t\t\t\t\t\t<p><em>Les champs obligatoires sont signifi\u00e9s par une ast\u00e9risque rouge (<span style=\"color: #ff0000;\">*<\/span>)<\/em><\/p>\t\t\t\t\t\t\t\t<\/div>\n\t\t\t\t<div class=\"elementor-element elementor-element-91e4ffa elementor-button-align-center elementor-widget elementor-widget-form\" data-id=\"91e4ffa\" data-element_type=\"widget\" data-e-type=\"widget\" data-settings=\"{&quot;step_type&quot;:&quot;number&quot;,&quot;step_icon_shape&quot;:&quot;square&quot;,&quot;button_width&quot;:&quot;100&quot;}\" data-widget_type=\"form.default\">\n\t\t\t\t\t\t\t<form class=\"elementor-form\" method=\"post\" name=\"Form argument\" aria-label=\"Form argument\">\n\t\t\t<input type=\"hidden\" name=\"post_id\" value=\"3420\"\/>\n\t\t\t<input type=\"hidden\" name=\"form_id\" value=\"91e4ffa\"\/>\n\t\t\t<input type=\"hidden\" name=\"referer_title\" value=\"Inclusive steps\" \/>\n\n\t\t\t\n\t\t\t<div class=\"elementor-form-fields-wrapper elementor-labels-above\">\n\t\t\t\t\t\t\t\t<div class=\"elementor-field-type-html elementor-field-group elementor-column elementor-field-group-field_f8abd0b elementor-col-100\">\n\t\t\t\t\t<div class=\"step-number-one\">1<\/div>\n<style>\n.step-number-one {\n  width: 2.4rem; \n  height: 2.4rem;\n  background-color: #5C30FF;\n  color: white; \n  font-size: 1rem;\n  font-weight: bold;\n  display: flex;\n  align-items: center;\n  justify-content: center;\n  border-radius: 5px;\n}\n<\/style>\t\t\t\t<\/div>\n\t\t\t\t\t\t\t\t<div class=\"elementor-field-type-textarea elementor-field-group elementor-column elementor-field-group-field_88f1f35 elementor-col-100 elementor-field-required\">\n\t\t\t\t\t\t\t\t\t\t\t\t<label for=\"form-field-field_88f1f35\" class=\"elementor-field-label\">\n\t\t\t\t\t\t\t\tLe lien ou le nom de ma ressource : <span style=\"color: red; font-size: 16px\">*<\/span>\t\t\t\t\t\t\t<\/label>\n\t\t\t\t\t\t<textarea class=\"elementor-field-textual elementor-field  elementor-size-md\" name=\"form_fields[field_88f1f35]\" id=\"form-field-field_88f1f35\" rows=\"1\" required=\"required\"><\/textarea>\t\t\t\t<\/div>\n\t\t\t\t\t\t\t\t<div class=\"elementor-field-type-html elementor-field-group elementor-column elementor-field-group-field_5f758fe elementor-col-100\">\n\t\t\t\t\t<div class=\"step-number\">2<\/div>\n<style>\n.step-number {\nmargin-top: 2.5rem;\n  width: 2.4rem; \n  height: 2.4rem;\n  background-color: #5C30FF;\n  color: white; \n  font-size: 1rem;\n  font-weight: bold;\n  display: flex;\n  align-items: center;\n  justify-content: center;\n  border-radius: 5px;\n}\n<\/style>\t\t\t\t<\/div>\n\t\t\t\t\t\t\t\t<div class=\"elementor-field-type-textarea elementor-field-group elementor-column elementor-field-group-field_e5a53b9 elementor-col-100 elementor-field-required\">\n\t\t\t\t\t\t\t\t\t\t\t\t<label for=\"form-field-field_e5a53b9\" class=\"elementor-field-label\">\n\t\t\t\t\t\t\t\tEn quoi ma ressource est elle utile ?<span style=\"color: red; font-size: 16px\"> *<\/span>\t\t\t\t\t\t\t<\/label>\n\t\t\t\t\t\t<textarea class=\"elementor-field-textual elementor-field  elementor-size-md\" name=\"form_fields[field_e5a53b9]\" id=\"form-field-field_e5a53b9\" rows=\"4\" required=\"required\"><\/textarea>\t\t\t\t<\/div>\n\t\t\t\t\t\t\t\t<div class=\"elementor-field-type-html elementor-field-group elementor-column elementor-field-group-field_5c58977 elementor-col-100\">\n\t\t\t\t\t<div class=\"step-number\">3<\/div>\n<style>\n.step-number {\nmargin-top: 2.5rem;\n  width: 2.4rem; \n  height: 2.4rem;\n  background-color: #5C30FF;\n  color: white; \n  font-size: 1rem;\n  font-weight: bold;\n  display: flex;\n  align-items: center;\n  justify-content: center;\n  border-radius: 5px;\n}\n<\/style>\t\t\t\t<\/div>\n\t\t\t\t\t\t\t\t<div class=\"elementor-field-type-email elementor-field-group elementor-column elementor-field-group-field_34a8233 elementor-col-100\">\n\t\t\t\t\t\t\t\t\t\t\t\t<label for=\"form-field-field_34a8233\" class=\"elementor-field-label\">\n\t\t\t\t\t\t\t\tJe renseigne mon mail pour recevoir les actualit\u00e9s d\u2019Inclusive Steps (facultatif).\t\t\t\t\t\t\t<\/label>\n\t\t\t\t\t\t\t\t\t\t\t\t\t\t<input size=\"1\" type=\"email\" name=\"form_fields[field_34a8233]\" id=\"form-field-field_34a8233\" class=\"elementor-field elementor-size-md  elementor-field-textual\">\n\t\t\t\t\t\t\t\t\t\t\t<\/div>\n\t\t\t\t\t\t\t\t<div class=\"elementor-field-group elementor-column elementor-field-type-submit elementor-col-100 e-form__buttons\">\n\t\t\t\t\t<button class=\"elementor-button elementor-size-sm\" type=\"submit\" id=\"send-button\">\n\t\t\t\t\t\t<span class=\"elementor-button-content-wrapper\">\n\t\t\t\t\t\t\t\t\t\t\t\t\t\t\t\t\t\t\t\t\t\t<span class=\"elementor-button-text\">J'envoie ma ressource<\/span>\n\t\t\t\t\t\t\t\t\t\t\t\t\t<\/span>\n\t\t\t\t\t<\/button>\n\t\t\t\t<\/div>\n\t\t\t<\/div>\n\t\t<\/form>\n\t\t\t\t\t\t<\/div>\n\t\t\t\t<div class=\"elementor-element elementor-element-75eb581 elementor-widget elementor-widget-text-editor\" data-id=\"75eb581\" data-element_type=\"widget\" data-e-type=\"widget\" data-widget_type=\"text-editor.default\">\n\t\t\t\t\t\t\t\t\t<p data-prosemirror-content-type=\"node\" data-prosemirror-node-name=\"paragraph\" data-prosemirror-node-block=\"true\" data-pm-slice=\"1 1 [&quot;panel&quot;,{&quot;panelType&quot;:&quot;note&quot;,&quot;panelIcon&quot;:null,&quot;panelIconId&quot;:null,&quot;panelIconText&quot;:null,&quot;panelColor&quot;:null,&quot;localId&quot;:null}]\"><em>Les ressources relay\u00e9es par Inclusive Steps sont gratuites. Elles peuvent appartenir \u00e0 des soci\u00e9t\u00e9s tierces, et Steppers Studio n\u2019exerce en aucun cas d\u2019action commerciale vis\u2011\u00e0\u2011vis de ces derni\u00e8res. Leur s\u00e9lection se fait exclusivement sur la base de leur pertinence et de leur utilit\u00e9.<\/em><\/p>\t\t\t\t\t\t\t\t<\/div>\n\t\t\t\t\t<\/div>\n\t\t\t\t<\/div>\n\t\t\t\t<\/div>\n\t\t\t\t<\/div>\n\t\t","protected":false},"excerpt":{"rendered":"<p>Proposer une ressource Vous connaissez une ressource qui enrichirait nos fiches ? Partagez-la ici !\u00a0 Les champs obligatoires sont signifi\u00e9s par une ast\u00e9risque rouge (*) Les ressources relay\u00e9es par Inclusive Steps sont gratuites. Elles peuvent appartenir \u00e0 des soci\u00e9t\u00e9s tierces, et Steppers Studio n\u2019exerce en aucun cas d\u2019action commerciale vis\u2011\u00e0\u2011vis de ces derni\u00e8res. Leur s\u00e9lection [&hellip;]<\/p>\n","protected":false},"author":1,"featured_media":0,"parent":0,"menu_order":2,"comment_status":"closed","ping_status":"closed","template":"","meta":{"_acf_changed":false,"footnotes":""},"class_list":["post-3420","page","type-page","status-publish","hentry"],"acf":[],"yoast_head":"<!-- This site is optimized with the Yoast SEO plugin v27.3 - https:\/\/yoast.com\/product\/yoast-seo-wordpress\/ -->\n<title>Proposer ressource - Inclusive steps<\/title>\n<meta name=\"robots\" content=\"index, follow, max-snippet:-1, max-image-preview:large, max-video-preview:-1\" \/>\n<link rel=\"canonical\" href=\"https:\/\/inclusive-steps.be\/neerlandais\/proposer-ressource\/\" \/>\n<meta property=\"og:locale\" content=\"nl_NL\" \/>\n<meta property=\"og:type\" content=\"article\" \/>\n<meta property=\"og:title\" content=\"Proposer ressource - Inclusive steps\" \/>\n<meta property=\"og:description\" content=\"Proposer une ressource Vous connaissez une ressource qui enrichirait nos fiches ? Partagez-la ici !\u00a0 Les champs obligatoires sont signifi\u00e9s par une ast\u00e9risque rouge (*) Les ressources relay\u00e9es par Inclusive Steps sont gratuites. Elles peuvent appartenir \u00e0 des soci\u00e9t\u00e9s tierces, et Steppers Studio n\u2019exerce en aucun cas d\u2019action commerciale vis\u2011\u00e0\u2011vis de ces derni\u00e8res. Leur s\u00e9lection [&hellip;]\" \/>\n<meta property=\"og:url\" content=\"https:\/\/inclusive-steps.be\/neerlandais\/proposer-ressource\/\" \/>\n<meta property=\"og:site_name\" content=\"Inclusive steps\" \/>\n<meta property=\"article:modified_time\" content=\"2025-11-25T14:38:13+00:00\" \/>\n<meta property=\"og:image\" content=\"https:\/\/inclusive-steps.be\/wp-content\/uploads\/2025\/09\/header-arg.webp\" \/>\n<meta name=\"twitter:card\" content=\"summary_large_image\" \/>\n<meta name=\"twitter:label1\" content=\"Geschatte leestijd\" \/>\n\t<meta name=\"twitter:data1\" content=\"1 minuut\" \/>\n<script type=\"application\/ld+json\" class=\"yoast-schema-graph\">{\"@context\":\"https:\\\/\\\/schema.org\",\"@graph\":[{\"@type\":\"WebPage\",\"@id\":\"https:\\\/\\\/inclusive-steps.be\\\/proposer-ressource\\\/\",\"url\":\"https:\\\/\\\/inclusive-steps.be\\\/proposer-ressource\\\/\",\"name\":\"Proposer ressource - Inclusive steps\",\"isPartOf\":{\"@id\":\"https:\\\/\\\/inclusive-steps.be\\\/#website\"},\"primaryImageOfPage\":{\"@id\":\"https:\\\/\\\/inclusive-steps.be\\\/proposer-ressource\\\/#primaryimage\"},\"image\":{\"@id\":\"https:\\\/\\\/inclusive-steps.be\\\/proposer-ressource\\\/#primaryimage\"},\"thumbnailUrl\":\"https:\\\/\\\/inclusive-steps.be\\\/wp-content\\\/uploads\\\/2025\\\/09\\\/header-arg.webp\",\"datePublished\":\"2025-09-18T09:10:23+00:00\",\"dateModified\":\"2025-11-25T14:38:13+00:00\",\"breadcrumb\":{\"@id\":\"https:\\\/\\\/inclusive-steps.be\\\/proposer-ressource\\\/#breadcrumb\"},\"inLanguage\":\"nl-NL\",\"potentialAction\":[{\"@type\":\"ReadAction\",\"target\":[\"https:\\\/\\\/inclusive-steps.be\\\/proposer-ressource\\\/\"]}]},{\"@type\":\"ImageObject\",\"inLanguage\":\"nl-NL\",\"@id\":\"https:\\\/\\\/inclusive-steps.be\\\/proposer-ressource\\\/#primaryimage\",\"url\":\"https:\\\/\\\/inclusive-steps.be\\\/wp-content\\\/uploads\\\/2025\\\/09\\\/header-arg.webp\",\"contentUrl\":\"https:\\\/\\\/inclusive-steps.be\\\/wp-content\\\/uploads\\\/2025\\\/09\\\/header-arg.webp\"},{\"@type\":\"BreadcrumbList\",\"@id\":\"https:\\\/\\\/inclusive-steps.be\\\/proposer-ressource\\\/#breadcrumb\",\"itemListElement\":[{\"@type\":\"ListItem\",\"position\":1,\"name\":\"Accueil\",\"item\":\"https:\\\/\\\/inclusive-steps.be\\\/\"},{\"@type\":\"ListItem\",\"position\":2,\"name\":\"Proposer ressource\"}]},{\"@type\":\"WebSite\",\"@id\":\"https:\\\/\\\/inclusive-steps.be\\\/#website\",\"url\":\"https:\\\/\\\/inclusive-steps.be\\\/\",\"name\":\"Inclusive steps\",\"description\":\"Think accessible, build better\",\"publisher\":{\"@id\":\"https:\\\/\\\/inclusive-steps.be\\\/#organization\"},\"potentialAction\":[{\"@type\":\"SearchAction\",\"target\":{\"@type\":\"EntryPoint\",\"urlTemplate\":\"https:\\\/\\\/inclusive-steps.be\\\/?s={search_term_string}\"},\"query-input\":{\"@type\":\"PropertyValueSpecification\",\"valueRequired\":true,\"valueName\":\"search_term_string\"}}],\"inLanguage\":\"nl-NL\"},{\"@type\":\"Organization\",\"@id\":\"https:\\\/\\\/inclusive-steps.be\\\/#organization\",\"name\":\"Inclusive steps\",\"url\":\"https:\\\/\\\/inclusive-steps.be\\\/\",\"logo\":{\"@type\":\"ImageObject\",\"inLanguage\":\"nl-NL\",\"@id\":\"https:\\\/\\\/inclusive-steps.be\\\/#\\\/schema\\\/logo\\\/image\\\/\",\"url\":\"https:\\\/\\\/inclusive-steps.be\\\/wp-content\\\/uploads\\\/2025\\\/09\\\/favicon.svg\",\"contentUrl\":\"https:\\\/\\\/inclusive-steps.be\\\/wp-content\\\/uploads\\\/2025\\\/09\\\/favicon.svg\",\"width\":58,\"height\":57,\"caption\":\"Inclusive steps\"},\"image\":{\"@id\":\"https:\\\/\\\/inclusive-steps.be\\\/#\\\/schema\\\/logo\\\/image\\\/\"}}]}<\/script>\n<!-- \/ Yoast SEO plugin. -->","yoast_head_json":{"title":"Proposer ressource - Inclusive steps","robots":{"index":"index","follow":"follow","max-snippet":"max-snippet:-1","max-image-preview":"max-image-preview:large","max-video-preview":"max-video-preview:-1"},"canonical":"https:\/\/inclusive-steps.be\/neerlandais\/proposer-ressource\/","og_locale":"nl_NL","og_type":"article","og_title":"Proposer ressource - Inclusive steps","og_description":"Proposer une ressource Vous connaissez une ressource qui enrichirait nos fiches ? Partagez-la ici !\u00a0 Les champs obligatoires sont signifi\u00e9s par une ast\u00e9risque rouge (*) Les ressources relay\u00e9es par Inclusive Steps sont gratuites. Elles peuvent appartenir \u00e0 des soci\u00e9t\u00e9s tierces, et Steppers Studio n\u2019exerce en aucun cas d\u2019action commerciale vis\u2011\u00e0\u2011vis de ces derni\u00e8res. Leur s\u00e9lection [&hellip;]","og_url":"https:\/\/inclusive-steps.be\/neerlandais\/proposer-ressource\/","og_site_name":"Inclusive steps","article_modified_time":"2025-11-25T14:38:13+00:00","og_image":[{"url":"https:\/\/inclusive-steps.be\/wp-content\/uploads\/2025\/09\/header-arg.webp","type":"","width":"","height":""}],"twitter_card":"summary_large_image","twitter_misc":{"Geschatte leestijd":"1 minuut"},"schema":{"@context":"https:\/\/schema.org","@graph":[{"@type":"WebPage","@id":"https:\/\/inclusive-steps.be\/proposer-ressource\/","url":"https:\/\/inclusive-steps.be\/proposer-ressource\/","name":"Proposer ressource - Inclusive steps","isPartOf":{"@id":"https:\/\/inclusive-steps.be\/#website"},"primaryImageOfPage":{"@id":"https:\/\/inclusive-steps.be\/proposer-ressource\/#primaryimage"},"image":{"@id":"https:\/\/inclusive-steps.be\/proposer-ressource\/#primaryimage"},"thumbnailUrl":"https:\/\/inclusive-steps.be\/wp-content\/uploads\/2025\/09\/header-arg.webp","datePublished":"2025-09-18T09:10:23+00:00","dateModified":"2025-11-25T14:38:13+00:00","breadcrumb":{"@id":"https:\/\/inclusive-steps.be\/proposer-ressource\/#breadcrumb"},"inLanguage":"nl-NL","potentialAction":[{"@type":"ReadAction","target":["https:\/\/inclusive-steps.be\/proposer-ressource\/"]}]},{"@type":"ImageObject","inLanguage":"nl-NL","@id":"https:\/\/inclusive-steps.be\/proposer-ressource\/#primaryimage","url":"https:\/\/inclusive-steps.be\/wp-content\/uploads\/2025\/09\/header-arg.webp","contentUrl":"https:\/\/inclusive-steps.be\/wp-content\/uploads\/2025\/09\/header-arg.webp"},{"@type":"BreadcrumbList","@id":"https:\/\/inclusive-steps.be\/proposer-ressource\/#breadcrumb","itemListElement":[{"@type":"ListItem","position":1,"name":"Accueil","item":"https:\/\/inclusive-steps.be\/"},{"@type":"ListItem","position":2,"name":"Proposer ressource"}]},{"@type":"WebSite","@id":"https:\/\/inclusive-steps.be\/#website","url":"https:\/\/inclusive-steps.be\/","name":"Inclusive steps","description":"Think accessible, build better","publisher":{"@id":"https:\/\/inclusive-steps.be\/#organization"},"potentialAction":[{"@type":"SearchAction","target":{"@type":"EntryPoint","urlTemplate":"https:\/\/inclusive-steps.be\/?s={search_term_string}"},"query-input":{"@type":"PropertyValueSpecification","valueRequired":true,"valueName":"search_term_string"}}],"inLanguage":"nl-NL"},{"@type":"Organization","@id":"https:\/\/inclusive-steps.be\/#organization","name":"Inclusive steps","url":"https:\/\/inclusive-steps.be\/","logo":{"@type":"ImageObject","inLanguage":"nl-NL","@id":"https:\/\/inclusive-steps.be\/#\/schema\/logo\/image\/","url":"https:\/\/inclusive-steps.be\/wp-content\/uploads\/2025\/09\/favicon.svg","contentUrl":"https:\/\/inclusive-steps.be\/wp-content\/uploads\/2025\/09\/favicon.svg","width":58,"height":57,"caption":"Inclusive steps"},"image":{"@id":"https:\/\/inclusive-steps.be\/#\/schema\/logo\/image\/"}}]}},"_links":{"self":[{"href":"https:\/\/inclusive-steps.be\/neerlandais\/wp-json\/wp\/v2\/pages\/3420","targetHints":{"allow":["GET"]}}],"collection":[{"href":"https:\/\/inclusive-steps.be\/neerlandais\/wp-json\/wp\/v2\/pages"}],"about":[{"href":"https:\/\/inclusive-steps.be\/neerlandais\/wp-json\/wp\/v2\/types\/page"}],"author":[{"embeddable":true,"href":"https:\/\/inclusive-steps.be\/neerlandais\/wp-json\/wp\/v2\/users\/1"}],"replies":[{"embeddable":true,"href":"https:\/\/inclusive-steps.be\/neerlandais\/wp-json\/wp\/v2\/comments?post=3420"}],"version-history":[{"count":64,"href":"https:\/\/inclusive-steps.be\/neerlandais\/wp-json\/wp\/v2\/pages\/3420\/revisions"}],"predecessor-version":[{"id":6081,"href":"https:\/\/inclusive-steps.be\/neerlandais\/wp-json\/wp\/v2\/pages\/3420\/revisions\/6081"}],"wp:attachment":[{"href":"https:\/\/inclusive-steps.be\/neerlandais\/wp-json\/wp\/v2\/media?parent=3420"}],"curies":[{"name":"wp","href":"https:\/\/api.w.org\/{rel}","templated":true}]}}