{"id":3428,"date":"2025-09-18T11:12:17","date_gmt":"2025-09-18T09:12:17","guid":{"rendered":"https:\/\/inclusive.wp.steppers.be\/?page_id=3428"},"modified":"2025-11-26T10:04:49","modified_gmt":"2025-11-26T09:04:49","slug":"soumettre-argument","status":"publish","type":"page","link":"https:\/\/inclusive-steps.be\/neerlandais\/soumettre-argument\/","title":{"rendered":"Soumettre argument"},"content":{"rendered":"\t\t<div data-elementor-type=\"wp-page\" data-elementor-id=\"3428\" class=\"elementor elementor-3428\" data-elementor-post-type=\"page\">\n\t\t\t\t<div class=\"elementor-element elementor-element-b9a5641 e-con-full e-flex e-con e-parent\" data-id=\"b9a5641\" data-element_type=\"container\" data-e-type=\"container\">\n\t\t<div class=\"elementor-element elementor-element-95f1c24 e-con-full e-flex e-con e-child\" data-id=\"95f1c24\" data-element_type=\"container\" data-e-type=\"container\" data-settings=\"{&quot;background_background&quot;:&quot;classic&quot;}\">\n\t\t\t\t<div class=\"elementor-element elementor-element-1145447 elementor-widget elementor-widget-image\" data-id=\"1145447\" data-element_type=\"widget\" data-e-type=\"widget\" data-widget_type=\"image.default\">\n\t\t\t\t\t\t\t\t\t\t\t\t\t\t\t<img decoding=\"async\" width=\"157\" height=\"174\" data-src=\"https:\/\/inclusive-steps.be\/wp-content\/uploads\/2025\/11\/header-arg.webp\" class=\"attachment-large size-large wp-image-5582 lazyload\" alt=\"\" data-srcset=\"https:\/\/inclusive-steps.be\/wp-content\/uploads\/2025\/11\/header-arg.webp 157w, https:\/\/inclusive-steps.be\/wp-content\/uploads\/2025\/11\/header-arg-11x12.webp 11w\" data-sizes=\"(max-width: 157px) 100vw, 157px\" src=\"data:image\/svg+xml;base64,PHN2ZyB3aWR0aD0iMSIgaGVpZ2h0PSIxIiB4bWxucz0iaHR0cDovL3d3dy53My5vcmcvMjAwMC9zdmciPjwvc3ZnPg==\" style=\"--smush-placeholder-width: 157px; --smush-placeholder-aspect-ratio: 157\/174;\" \/>\t\t\t\t\t\t\t\t\t\t\t\t\t\t\t<\/div>\n\t\t<div class=\"elementor-element elementor-element-355ed0c e-con-full e-flex e-con e-child\" data-id=\"355ed0c\" data-element_type=\"container\" data-e-type=\"container\">\n\t\t\t\t<div class=\"elementor-element elementor-element-9304de2 elementor-widget elementor-widget-heading\" data-id=\"9304de2\" data-element_type=\"widget\" data-e-type=\"widget\" data-widget_type=\"heading.default\">\n\t\t\t\t\t<h2 class=\"elementor-heading-title elementor-size-default\">Soumettre un argument<\/h2>\t\t\t\t<\/div>\n\t\t\t\t<div class=\"elementor-element elementor-element-51cee8e elementor-widget elementor-widget-text-editor\" data-id=\"51cee8e\" data-element_type=\"widget\" data-e-type=\"widget\" data-widget_type=\"text-editor.default\">\n\t\t\t\t\t\t\t\t\t<p>Vous avez un argument imparable pour d\u00e9fendre l\u2019accessibilit\u00e9 ? Faites\u2011le conna\u00eetre !<\/p>\t\t\t\t\t\t\t\t<\/div>\n\t\t\t\t<\/div>\n\t\t\t\t<\/div>\n\t\t<div class=\"elementor-element elementor-element-90b8b77 e-con-full e-flex e-con e-child\" data-id=\"90b8b77\" data-element_type=\"container\" data-e-type=\"container\">\n\t\t\t\t<div class=\"elementor-element elementor-element-07008be elementor-widget elementor-widget-text-editor\" data-id=\"07008be\" data-element_type=\"widget\" data-e-type=\"widget\" data-widget_type=\"text-editor.default\">\n\t\t\t\t\t\t\t\t\t<p><em>Les champs obligatoires sont signifi\u00e9s par une ast\u00e9risque rouge (<span style=\"color: #ff0000;\">*<\/span>)<\/em><\/p>\t\t\t\t\t\t\t\t<\/div>\n\t\t\t\t<div class=\"elementor-element elementor-element-d4fb3aa elementor-button-align-center elementor-widget elementor-widget-form\" data-id=\"d4fb3aa\" data-element_type=\"widget\" data-e-type=\"widget\" data-settings=\"{&quot;step_type&quot;:&quot;number&quot;,&quot;step_icon_shape&quot;:&quot;square&quot;,&quot;button_width&quot;:&quot;100&quot;}\" data-widget_type=\"form.default\">\n\t\t\t\t\t\t\t<form class=\"elementor-form\" method=\"post\" name=\"Form argument\" aria-label=\"Form argument\">\n\t\t\t<input type=\"hidden\" name=\"post_id\" value=\"3428\"\/>\n\t\t\t<input type=\"hidden\" name=\"form_id\" value=\"d4fb3aa\"\/>\n\t\t\t<input type=\"hidden\" name=\"referer_title\" value=\"Inclusive steps\" \/>\n\n\t\t\t\n\t\t\t<div class=\"elementor-form-fields-wrapper elementor-labels-above\">\n\t\t\t\t\t\t\t\t<div class=\"elementor-field-type-html elementor-field-group elementor-column elementor-field-group-field_f8abd0b elementor-col-100\">\n\t\t\t\t\t<div class=\"step-number-one\">1<\/div>\n<style>\n.step-number-one {\n  width: 2.4rem; \n  height: 2.4rem;\n  background-color: #5C30FF;\n  color: white; \n  font-size: 1rem;\n  font-weight: bold;\n  display: flex;\n  align-items: center;\n  justify-content: center;\n  border-radius: 5px;\n}\n<\/style>\t\t\t\t<\/div>\n\t\t\t\t\t\t\t\t<div class=\"elementor-field-type-select elementor-field-group elementor-column elementor-field-group-field_88f1f35 elementor-col-100 elementor-field-required\">\n\t\t\t\t\t\t\t\t\t\t\t\t<label for=\"form-field-field_88f1f35\" class=\"elementor-field-label\">\n\t\t\t\t\t\t\t\tMon argument s'adresse : <span style=\"color: red; font-size: 16px\">*<\/span>\t\t\t\t\t\t\t<\/label>\n\t\t\t\t\t\t\t\t<div class=\"elementor-field elementor-select-wrapper remove-before \">\n\t\t\t<div class=\"select-caret-down-wrapper\">\n\t\t\t\t<svg aria-hidden=\"true\" class=\"e-font-icon-svg e-eicon-caret-down\" viewBox=\"0 0 571.4 571.4\" xmlns=\"http:\/\/www.w3.org\/2000\/svg\"><path d=\"M571 393Q571 407 561 418L311 668Q300 679 286 679T261 668L11 418Q0 407 0 393T11 368 36 357H536Q550 357 561 368T571 393Z\"><\/path><\/svg>\t\t\t<\/div>\n\t\t\t<select name=\"form_fields[field_88f1f35]\" id=\"form-field-field_88f1f35\" class=\"elementor-field-textual elementor-size-md\" required=\"required\">\n\t\t\t\t\t\t\t\t\t<option value=\"collegues\">Aux coll\u00e8gues<\/option>\n\t\t\t\t\t\t\t\t\t<option value=\"hierarchie\">Aux hi\u00e9rarchies<\/option>\n\t\t\t\t\t\t\t\t\t<option value=\"moi-meme\">A nous m\u00eame<\/option>\n\t\t\t\t\t\t\t\t\t<option value=\"clients\">Aux clients<\/option>\n\t\t\t\t\t\t\t<\/select>\n\t\t<\/div>\n\t\t\t\t\t\t<\/div>\n\t\t\t\t\t\t\t\t<div class=\"elementor-field-type-html elementor-field-group elementor-column elementor-field-group-field_5f758fe elementor-col-100\">\n\t\t\t\t\t<div class=\"step-number\">2<\/div>\n<style>\n.step-number {\nmargin-top: 2.5rem;\n  width: 2.4rem; \n  height: 2.4rem;\n  background-color: #5C30FF;\n  color: white; \n  font-size: 1rem;\n  font-weight: bold;\n  display: flex;\n  align-items: center;\n  justify-content: center;\n  border-radius: 5px;\n}\n<\/style>\t\t\t\t<\/div>\n\t\t\t\t\t\t\t\t<div class=\"elementor-field-type-select elementor-field-group elementor-column elementor-field-group-field_e5a53b9 elementor-col-100 elementor-field-required\">\n\t\t\t\t\t\t\t\t\t\t\t\t<label for=\"form-field-field_e5a53b9\" class=\"elementor-field-label\">\n\t\t\t\t\t\t\t\tLe pr\u00e9jug\u00e9 abord\u00e9 est : <span style=\"color: red; font-size: 16px\">*<\/span>\t\t\t\t\t\t\t<\/label>\n\t\t\t\t\t\t\t\t<div class=\"elementor-field elementor-select-wrapper remove-before \">\n\t\t\t<div class=\"select-caret-down-wrapper\">\n\t\t\t\t<svg aria-hidden=\"true\" class=\"e-font-icon-svg e-eicon-caret-down\" viewBox=\"0 0 571.4 571.4\" xmlns=\"http:\/\/www.w3.org\/2000\/svg\"><path d=\"M571 393Q571 407 561 418L311 668Q300 679 286 679T261 668L11 418Q0 407 0 393T11 368 36 357H536Q550 357 561 368T571 393Z\"><\/path><\/svg>\t\t\t<\/div>\n\t\t\t<select name=\"form_fields[field_e5a53b9]\" id=\"form-field-field_e5a53b9\" class=\"elementor-field-textual elementor-size-md\" required=\"required\">\n\t\t\t\t\t\t\t\t\t<option value=\"cher\">L\u2019accessibilit\u00e9 num\u00e9rique c\u2019est trop cher<\/option>\n\t\t\t\t\t\t\t\t\t<option value=\"utilisateurices\">Nos utilisateurices n\u2019en ont pas besoin<\/option>\n\t\t\t\t\t\t\t\t\t<option value=\"dev\">\u00c7a ne concerne que les d\u00e9veloppeurs<\/option>\n\t\t\t\t\t\t\t\t\t<option value=\"prio\">Ce n\u2019est pas une priorit\u00e9<\/option>\n\t\t\t\t\t\t\t<\/select>\n\t\t<\/div>\n\t\t\t\t\t\t<\/div>\n\t\t\t\t\t\t\t\t<div class=\"elementor-field-type-html elementor-field-group elementor-column elementor-field-group-field_5c58977 elementor-col-100\">\n\t\t\t\t\t<div class=\"step-number\">3<\/div>\n<style>\n.step-number {\nmargin-top: 2.5rem;\n  width: 2.4rem; \n  height: 2.4rem;\n  background-color: #5C30FF;\n  color: white; \n  font-size: 1rem;\n  font-weight: bold;\n  display: flex;\n  align-items: center;\n  justify-content: center;\n  border-radius: 5px;\n}\n<\/style>\t\t\t\t<\/div>\n\t\t\t\t\t\t\t\t<div class=\"elementor-field-type-textarea elementor-field-group elementor-column elementor-field-group-field_436f3c6 elementor-col-100 elementor-field-required\">\n\t\t\t\t\t\t\t\t\t\t\t\t<label for=\"form-field-field_436f3c6\" class=\"elementor-field-label\">\n\t\t\t\t\t\t\t\tMon argument : (170 caract\u00e8res maximum) <span style=\"color: red; font-size: 16px\">*<\/span>\t\t\t\t\t\t\t<\/label>\n\t\t\t\t\t\t<textarea class=\"elementor-field-textual elementor-field  elementor-size-md\" name=\"form_fields[field_436f3c6]\" id=\"form-field-field_436f3c6\" rows=\"3\" required=\"required\"><\/textarea>\t\t\t\t<\/div>\n\t\t\t\t\t\t\t\t<div class=\"elementor-field-type-html elementor-field-group elementor-column elementor-field-group-field_0288fd2 elementor-col-100\">\n\t\t\t\t\t<div class=\"step-number\">4<\/div>\n<style>\n.step-number {\nmargin-top: 2.5rem;\n  width: 2.4rem; \n  height: 2.4rem;\n  background-color: #5C30FF;\n  color: white; \n  font-size: 1rem;\n  font-weight: bold;\n  display: flex;\n  align-items: center;\n  justify-content: center;\n  border-radius: 5px;\n}\n<\/style>\t\t\t\t<\/div>\n\t\t\t\t\t\t\t\t<div class=\"elementor-field-type-email elementor-field-group elementor-column elementor-field-group-field_34a8233 elementor-col-100\">\n\t\t\t\t\t\t\t\t\t\t\t\t<label for=\"form-field-field_34a8233\" class=\"elementor-field-label\">\n\t\t\t\t\t\t\t\tJe renseigne mon mail pour recevoir les actualit\u00e9s d\u2019Inclusive Steps (facultatif).\t\t\t\t\t\t\t<\/label>\n\t\t\t\t\t\t\t\t\t\t\t\t\t\t<input size=\"1\" type=\"email\" name=\"form_fields[field_34a8233]\" id=\"form-field-field_34a8233\" class=\"elementor-field elementor-size-md  elementor-field-textual\">\n\t\t\t\t\t\t\t\t\t\t\t<\/div>\n\t\t\t\t\t\t\t\t<div class=\"elementor-field-group elementor-column elementor-field-type-submit elementor-col-100 e-form__buttons\">\n\t\t\t\t\t<button class=\"elementor-button elementor-size-sm\" type=\"submit\" id=\"send-button\">\n\t\t\t\t\t\t<span class=\"elementor-button-content-wrapper\">\n\t\t\t\t\t\t\t\t\t\t\t\t\t\t\t\t\t\t\t\t\t\t<span class=\"elementor-button-text\">J'envoie mon argument<\/span>\n\t\t\t\t\t\t\t\t\t\t\t\t\t<\/span>\n\t\t\t\t\t<\/button>\n\t\t\t\t<\/div>\n\t\t\t<\/div>\n\t\t<\/form>\n\t\t\t\t\t\t<\/div>\n\t\t\t\t<\/div>\n\t\t\t\t<\/div>\n\t\t\t\t<\/div>\n\t\t","protected":false},"excerpt":{"rendered":"<p>Soumettre un argument Vous avez un argument imparable pour d\u00e9fendre l\u2019accessibilit\u00e9 ? Faites\u2011le conna\u00eetre ! Les champs obligatoires sont signifi\u00e9s par une ast\u00e9risque rouge (*)<\/p>","protected":false},"author":1,"featured_media":0,"parent":0,"menu_order":3,"comment_status":"closed","ping_status":"closed","template":"","meta":{"_acf_changed":false,"footnotes":""},"class_list":["post-3428","page","type-page","status-publish","hentry"],"acf":[],"yoast_head":"<!-- This site is optimized with the Yoast SEO plugin v27.3 - https:\/\/yoast.com\/product\/yoast-seo-wordpress\/ -->\n<title>Soumettre argument - Inclusive steps<\/title>\n<meta name=\"robots\" content=\"index, follow, max-snippet:-1, max-image-preview:large, max-video-preview:-1\" \/>\n<link rel=\"canonical\" href=\"https:\/\/inclusive-steps.be\/neerlandais\/soumettre-argument\/\" \/>\n<meta property=\"og:locale\" content=\"nl_NL\" \/>\n<meta property=\"og:type\" content=\"article\" \/>\n<meta property=\"og:title\" content=\"Soumettre argument - Inclusive steps\" \/>\n<meta property=\"og:description\" content=\"Soumettre un argument Vous avez un argument imparable pour d\u00e9fendre l\u2019accessibilit\u00e9 ? Faites\u2011le conna\u00eetre ! Les champs obligatoires sont signifi\u00e9s par une ast\u00e9risque rouge (*)\" \/>\n<meta property=\"og:url\" content=\"https:\/\/inclusive-steps.be\/neerlandais\/soumettre-argument\/\" \/>\n<meta property=\"og:site_name\" content=\"Inclusive steps\" \/>\n<meta property=\"article:modified_time\" content=\"2025-11-26T09:04:49+00:00\" \/>\n<meta property=\"og:image\" content=\"https:\/\/inclusive-steps.be\/wp-content\/uploads\/2025\/11\/header-arg.webp\" \/>\n<meta name=\"twitter:card\" content=\"summary_large_image\" \/>\n<meta name=\"twitter:label1\" content=\"Geschatte leestijd\" \/>\n\t<meta name=\"twitter:data1\" content=\"1 minuut\" \/>\n<script type=\"application\/ld+json\" class=\"yoast-schema-graph\">{\"@context\":\"https:\\\/\\\/schema.org\",\"@graph\":[{\"@type\":\"WebPage\",\"@id\":\"https:\\\/\\\/inclusive-steps.be\\\/soumettre-argument\\\/\",\"url\":\"https:\\\/\\\/inclusive-steps.be\\\/soumettre-argument\\\/\",\"name\":\"Soumettre argument - Inclusive steps\",\"isPartOf\":{\"@id\":\"https:\\\/\\\/inclusive-steps.be\\\/#website\"},\"primaryImageOfPage\":{\"@id\":\"https:\\\/\\\/inclusive-steps.be\\\/soumettre-argument\\\/#primaryimage\"},\"image\":{\"@id\":\"https:\\\/\\\/inclusive-steps.be\\\/soumettre-argument\\\/#primaryimage\"},\"thumbnailUrl\":\"https:\\\/\\\/inclusive-steps.be\\\/wp-content\\\/uploads\\\/2025\\\/11\\\/header-arg.webp\",\"datePublished\":\"2025-09-18T09:12:17+00:00\",\"dateModified\":\"2025-11-26T09:04:49+00:00\",\"breadcrumb\":{\"@id\":\"https:\\\/\\\/inclusive-steps.be\\\/soumettre-argument\\\/#breadcrumb\"},\"inLanguage\":\"nl-NL\",\"potentialAction\":[{\"@type\":\"ReadAction\",\"target\":[\"https:\\\/\\\/inclusive-steps.be\\\/soumettre-argument\\\/\"]}]},{\"@type\":\"ImageObject\",\"inLanguage\":\"nl-NL\",\"@id\":\"https:\\\/\\\/inclusive-steps.be\\\/soumettre-argument\\\/#primaryimage\",\"url\":\"https:\\\/\\\/inclusive-steps.be\\\/wp-content\\\/uploads\\\/2025\\\/11\\\/header-arg.webp\",\"contentUrl\":\"https:\\\/\\\/inclusive-steps.be\\\/wp-content\\\/uploads\\\/2025\\\/11\\\/header-arg.webp\"},{\"@type\":\"BreadcrumbList\",\"@id\":\"https:\\\/\\\/inclusive-steps.be\\\/soumettre-argument\\\/#breadcrumb\",\"itemListElement\":[{\"@type\":\"ListItem\",\"position\":1,\"name\":\"Accueil\",\"item\":\"https:\\\/\\\/inclusive-steps.be\\\/\"},{\"@type\":\"ListItem\",\"position\":2,\"name\":\"Soumettre argument\"}]},{\"@type\":\"WebSite\",\"@id\":\"https:\\\/\\\/inclusive-steps.be\\\/#website\",\"url\":\"https:\\\/\\\/inclusive-steps.be\\\/\",\"name\":\"Inclusive steps\",\"description\":\"Think accessible, build better\",\"publisher\":{\"@id\":\"https:\\\/\\\/inclusive-steps.be\\\/#organization\"},\"potentialAction\":[{\"@type\":\"SearchAction\",\"target\":{\"@type\":\"EntryPoint\",\"urlTemplate\":\"https:\\\/\\\/inclusive-steps.be\\\/?s={search_term_string}\"},\"query-input\":{\"@type\":\"PropertyValueSpecification\",\"valueRequired\":true,\"valueName\":\"search_term_string\"}}],\"inLanguage\":\"nl-NL\"},{\"@type\":\"Organization\",\"@id\":\"https:\\\/\\\/inclusive-steps.be\\\/#organization\",\"name\":\"Inclusive steps\",\"url\":\"https:\\\/\\\/inclusive-steps.be\\\/\",\"logo\":{\"@type\":\"ImageObject\",\"inLanguage\":\"nl-NL\",\"@id\":\"https:\\\/\\\/inclusive-steps.be\\\/#\\\/schema\\\/logo\\\/image\\\/\",\"url\":\"https:\\\/\\\/inclusive-steps.be\\\/wp-content\\\/uploads\\\/2025\\\/09\\\/favicon.svg\",\"contentUrl\":\"https:\\\/\\\/inclusive-steps.be\\\/wp-content\\\/uploads\\\/2025\\\/09\\\/favicon.svg\",\"width\":58,\"height\":57,\"caption\":\"Inclusive steps\"},\"image\":{\"@id\":\"https:\\\/\\\/inclusive-steps.be\\\/#\\\/schema\\\/logo\\\/image\\\/\"}}]}<\/script>\n<!-- \/ Yoast SEO plugin. -->","yoast_head_json":{"title":"Soumettre argument - Inclusive steps","robots":{"index":"index","follow":"follow","max-snippet":"max-snippet:-1","max-image-preview":"max-image-preview:large","max-video-preview":"max-video-preview:-1"},"canonical":"https:\/\/inclusive-steps.be\/neerlandais\/soumettre-argument\/","og_locale":"nl_NL","og_type":"article","og_title":"Soumettre argument - Inclusive steps","og_description":"Soumettre un argument Vous avez un argument imparable pour d\u00e9fendre l\u2019accessibilit\u00e9 ? Faites\u2011le conna\u00eetre ! Les champs obligatoires sont signifi\u00e9s par une ast\u00e9risque rouge (*)","og_url":"https:\/\/inclusive-steps.be\/neerlandais\/soumettre-argument\/","og_site_name":"Inclusive steps","article_modified_time":"2025-11-26T09:04:49+00:00","og_image":[{"url":"https:\/\/inclusive-steps.be\/wp-content\/uploads\/2025\/11\/header-arg.webp","type":"","width":"","height":""}],"twitter_card":"summary_large_image","twitter_misc":{"Geschatte leestijd":"1 minuut"},"schema":{"@context":"https:\/\/schema.org","@graph":[{"@type":"WebPage","@id":"https:\/\/inclusive-steps.be\/soumettre-argument\/","url":"https:\/\/inclusive-steps.be\/soumettre-argument\/","name":"Soumettre argument - Inclusive steps","isPartOf":{"@id":"https:\/\/inclusive-steps.be\/#website"},"primaryImageOfPage":{"@id":"https:\/\/inclusive-steps.be\/soumettre-argument\/#primaryimage"},"image":{"@id":"https:\/\/inclusive-steps.be\/soumettre-argument\/#primaryimage"},"thumbnailUrl":"https:\/\/inclusive-steps.be\/wp-content\/uploads\/2025\/11\/header-arg.webp","datePublished":"2025-09-18T09:12:17+00:00","dateModified":"2025-11-26T09:04:49+00:00","breadcrumb":{"@id":"https:\/\/inclusive-steps.be\/soumettre-argument\/#breadcrumb"},"inLanguage":"nl-NL","potentialAction":[{"@type":"ReadAction","target":["https:\/\/inclusive-steps.be\/soumettre-argument\/"]}]},{"@type":"ImageObject","inLanguage":"nl-NL","@id":"https:\/\/inclusive-steps.be\/soumettre-argument\/#primaryimage","url":"https:\/\/inclusive-steps.be\/wp-content\/uploads\/2025\/11\/header-arg.webp","contentUrl":"https:\/\/inclusive-steps.be\/wp-content\/uploads\/2025\/11\/header-arg.webp"},{"@type":"BreadcrumbList","@id":"https:\/\/inclusive-steps.be\/soumettre-argument\/#breadcrumb","itemListElement":[{"@type":"ListItem","position":1,"name":"Accueil","item":"https:\/\/inclusive-steps.be\/"},{"@type":"ListItem","position":2,"name":"Soumettre argument"}]},{"@type":"WebSite","@id":"https:\/\/inclusive-steps.be\/#website","url":"https:\/\/inclusive-steps.be\/","name":"Inclusive steps","description":"Think accessible, build better","publisher":{"@id":"https:\/\/inclusive-steps.be\/#organization"},"potentialAction":[{"@type":"SearchAction","target":{"@type":"EntryPoint","urlTemplate":"https:\/\/inclusive-steps.be\/?s={search_term_string}"},"query-input":{"@type":"PropertyValueSpecification","valueRequired":true,"valueName":"search_term_string"}}],"inLanguage":"nl-NL"},{"@type":"Organization","@id":"https:\/\/inclusive-steps.be\/#organization","name":"Inclusive steps","url":"https:\/\/inclusive-steps.be\/","logo":{"@type":"ImageObject","inLanguage":"nl-NL","@id":"https:\/\/inclusive-steps.be\/#\/schema\/logo\/image\/","url":"https:\/\/inclusive-steps.be\/wp-content\/uploads\/2025\/09\/favicon.svg","contentUrl":"https:\/\/inclusive-steps.be\/wp-content\/uploads\/2025\/09\/favicon.svg","width":58,"height":57,"caption":"Inclusive steps"},"image":{"@id":"https:\/\/inclusive-steps.be\/#\/schema\/logo\/image\/"}}]}},"_links":{"self":[{"href":"https:\/\/inclusive-steps.be\/neerlandais\/wp-json\/wp\/v2\/pages\/3428","targetHints":{"allow":["GET"]}}],"collection":[{"href":"https:\/\/inclusive-steps.be\/neerlandais\/wp-json\/wp\/v2\/pages"}],"about":[{"href":"https:\/\/inclusive-steps.be\/neerlandais\/wp-json\/wp\/v2\/types\/page"}],"author":[{"embeddable":true,"href":"https:\/\/inclusive-steps.be\/neerlandais\/wp-json\/wp\/v2\/users\/1"}],"replies":[{"embeddable":true,"href":"https:\/\/inclusive-steps.be\/neerlandais\/wp-json\/wp\/v2\/comments?post=3428"}],"version-history":[{"count":104,"href":"https:\/\/inclusive-steps.be\/neerlandais\/wp-json\/wp\/v2\/pages\/3428\/revisions"}],"predecessor-version":[{"id":6141,"href":"https:\/\/inclusive-steps.be\/neerlandais\/wp-json\/wp\/v2\/pages\/3428\/revisions\/6141"}],"wp:attachment":[{"href":"https:\/\/inclusive-steps.be\/neerlandais\/wp-json\/wp\/v2\/media?parent=3428"}],"curies":[{"name":"wp","href":"https:\/\/api.w.org\/{rel}","templated":true}]}}