{"id":3986,"date":"2025-09-18T16:02:03","date_gmt":"2025-09-18T14:02:03","guid":{"rendered":"https:\/\/inclusive.wp.steppers.be\/?page_id=3986"},"modified":"2025-11-25T17:37:15","modified_gmt":"2025-11-25T16:37:15","slug":"accessibilite","status":"publish","type":"page","link":"https:\/\/inclusive-steps.be\/neerlandais\/accessibilite\/","title":{"rendered":"Toegankelijkheid"},"content":{"rendered":"<div data-elementor-type=\"wp-page\" data-elementor-id=\"3986\" class=\"elementor elementor-3986\" data-elementor-post-type=\"page\">\n\t\t\t\t<div class=\"elementor-element elementor-element-20c5f52 e-flex e-con-boxed e-con e-parent\" data-id=\"20c5f52\" data-element_type=\"container\" data-e-type=\"container\">\n\t\t\t\t\t<div class=\"e-con-inner\">\n\t\t<div class=\"elementor-element elementor-element-2c11a0e e-con-full e-flex e-con e-child\" data-id=\"2c11a0e\" data-element_type=\"container\" data-e-type=\"container\">\n\t\t\t\t<div class=\"elementor-element elementor-element-f89a8fe elementor-widget elementor-widget-heading\" data-id=\"f89a8fe\" data-element_type=\"widget\" data-e-type=\"widget\" tabindex=\"0\" data-widget_type=\"heading.default\">\n\t\t\t\t\t<h2 class=\"elementor-heading-title elementor-size-default\">Toegankelijkheid<\/h2>\t\t\t\t<\/div>\n\t\t<div class=\"elementor-element elementor-element-99c1949 e-con-full e-flex e-con e-child\" data-id=\"99c1949\" data-element_type=\"container\" data-e-type=\"container\" data-settings=\"{&quot;background_background&quot;:&quot;classic&quot;}\">\n\t\t\t\t<div class=\"elementor-element elementor-element-3e2feab elementor-widget elementor-widget-text-editor\" data-id=\"3e2feab\" data-element_type=\"widget\" data-e-type=\"widget\" tabindex=\"0\" data-widget_type=\"text-editor.default\">\n\t\t\t\t\t\t\t\t\t<p>Deze huidige website is niet volledig gecontroleerd volgens de RGAA 4.1-norm. Daarom wordt hij standaard als niet-conform beschouwd.<\/p><p>Er is echter bijzondere aandacht besteed aan digitale toegankelijkheid om de website voor zoveel mogelijk mensen bruikbaar te maken. Je zou dus het volgende moeten kunnen :<\/p><ul><li>Tot 400% inzoomen zonder dat de tekst buiten het scherm valt,<\/li><li>Met het toetsenbord navigeren op alle pagina\u2019s en belangrijke elementen van de site,<\/li><li>Een schermlezer gebruiken om de inhoud te bekijken,<\/li><li>De aangeboden formulieren doorlopen en invullen,<\/li><li>Profiteren van voldoende kleurcontrasten voor een goede leesbaarheid,<\/li><li>Je gemakkelijk ori\u00ebnteren dankzij een hi\u00ebrarchische structuur van titels en ondertitels,<\/li><li>Je kan tekstalternatieven raadplegen als iets niet-tekstueel is (als dat nuttig is),<\/li><li>Navigeren op mobiele telefoons en tablets met een aangepaste ervaring.<\/li><\/ul><p>We beseffen dat digitale toegankelijkheid een stap-voor-stap proces is. Ook zonder offici\u00eble controle willen we dat zoveel mogelijk mensen de site kunnen gebruiken \u2013 geef gerust feedback, we luisteren graag!<\/p><p class=\"translation-block\">Als je problemen ondervindt bij het openen van inhoud of een functie, laat het ons dan weten via <a href=\"mailto:info@steppers.be\" target=\"_self\"><span style=\"text-decoration: underline;color: #000000\">info@steppers.b<\/span><span style=\"color: #000000\">e<\/span><\/a> \u2013 we antwoorden snel en zoeken samen een andere oplossing.<\/p>\t\t\t\t\t\t\t\t<\/div>\n\t\t\t\t<\/div>\n\t\t\t\t<\/div>\n\t\t\t\t\t<\/div>\n\t\t\t\t<\/div>\n\t\t\t\t<\/div>","protected":false},"excerpt":{"rendered":"<p>D\u00e9marche d&rsquo;accessibilit\u00e9 Ce site actuel n\u2019a pas fait l\u2019objet d\u2019un audit complet selon le r\u00e9f\u00e9rentiel RGAA 4.1. Par cons\u00e9quent, il est consid\u00e9r\u00e9 comme non conforme par d\u00e9faut. N\u00e9anmoins, une attention particuli\u00e8re a \u00e9t\u00e9 port\u00e9e \u00e0 l\u2019accessibilit\u00e9 num\u00e9rique afin de rendre le site utilisable par le plus grand nombre. Vous devriez ainsi pouvoir : Zoomer jusqu\u2019\u00e0 [&hellip;]<\/p>\n","protected":false},"author":1,"featured_media":0,"parent":0,"menu_order":4,"comment_status":"closed","ping_status":"closed","template":"","meta":{"_acf_changed":false,"footnotes":""},"class_list":["post-3986","page","type-page","status-publish","hentry"],"acf":[],"yoast_head":"<!-- This site is optimized with the Yoast SEO plugin v27.3 - https:\/\/yoast.com\/product\/yoast-seo-wordpress\/ -->\n<title>Accessibilit\u00e9 - Inclusive steps<\/title>\n<meta name=\"robots\" content=\"index, follow, max-snippet:-1, max-image-preview:large, max-video-preview:-1\" \/>\n<link rel=\"canonical\" href=\"https:\/\/inclusive-steps.be\/neerlandais\/accessibilite\/\" \/>\n<meta property=\"og:locale\" content=\"nl_NL\" \/>\n<meta property=\"og:type\" content=\"article\" \/>\n<meta property=\"og:title\" content=\"Accessibilit\u00e9 - Inclusive steps\" \/>\n<meta property=\"og:description\" content=\"D\u00e9marche d&rsquo;accessibilit\u00e9 Ce site actuel n\u2019a pas fait l\u2019objet d\u2019un audit complet selon le r\u00e9f\u00e9rentiel RGAA 4.1. Par cons\u00e9quent, il est consid\u00e9r\u00e9 comme non conforme par d\u00e9faut. N\u00e9anmoins, une attention particuli\u00e8re a \u00e9t\u00e9 port\u00e9e \u00e0 l\u2019accessibilit\u00e9 num\u00e9rique afin de rendre le site utilisable par le plus grand nombre. Vous devriez ainsi pouvoir : Zoomer jusqu\u2019\u00e0 [&hellip;]\" \/>\n<meta property=\"og:url\" content=\"https:\/\/inclusive-steps.be\/neerlandais\/accessibilite\/\" \/>\n<meta property=\"og:site_name\" content=\"Inclusive steps\" \/>\n<meta property=\"article:modified_time\" content=\"2025-11-25T16:37:15+00:00\" \/>\n<meta property=\"og:image\" content=\"https:\/\/inclusive-steps.be\/wp-content\/uploads\/2025\/11\/Screenshot_4.png\" \/>\n\t<meta property=\"og:image:width\" content=\"608\" \/>\n\t<meta property=\"og:image:height\" content=\"309\" \/>\n\t<meta property=\"og:image:type\" content=\"image\/png\" \/>\n<meta name=\"twitter:card\" content=\"summary_large_image\" \/>\n<meta name=\"twitter:label1\" content=\"Geschatte leestijd\" \/>\n\t<meta name=\"twitter:data1\" content=\"2 minuten\" \/>\n<script type=\"application\/ld+json\" class=\"yoast-schema-graph\">{\"@context\":\"https:\\\/\\\/schema.org\",\"@graph\":[{\"@type\":\"WebPage\",\"@id\":\"https:\\\/\\\/inclusive-steps.be\\\/accessibilite\\\/\",\"url\":\"https:\\\/\\\/inclusive-steps.be\\\/accessibilite\\\/\",\"name\":\"Accessibilit\u00e9 - Inclusive steps\",\"isPartOf\":{\"@id\":\"https:\\\/\\\/inclusive-steps.be\\\/#website\"},\"datePublished\":\"2025-09-18T14:02:03+00:00\",\"dateModified\":\"2025-11-25T16:37:15+00:00\",\"breadcrumb\":{\"@id\":\"https:\\\/\\\/inclusive-steps.be\\\/accessibilite\\\/#breadcrumb\"},\"inLanguage\":\"nl-NL\",\"potentialAction\":[{\"@type\":\"ReadAction\",\"target\":[\"https:\\\/\\\/inclusive-steps.be\\\/accessibilite\\\/\"]}]},{\"@type\":\"BreadcrumbList\",\"@id\":\"https:\\\/\\\/inclusive-steps.be\\\/accessibilite\\\/#breadcrumb\",\"itemListElement\":[{\"@type\":\"ListItem\",\"position\":1,\"name\":\"Accueil\",\"item\":\"https:\\\/\\\/inclusive-steps.be\\\/\"},{\"@type\":\"ListItem\",\"position\":2,\"name\":\"Accessibilit\u00e9\"}]},{\"@type\":\"WebSite\",\"@id\":\"https:\\\/\\\/inclusive-steps.be\\\/#website\",\"url\":\"https:\\\/\\\/inclusive-steps.be\\\/\",\"name\":\"Inclusive steps\",\"description\":\"Think accessible, build better\",\"publisher\":{\"@id\":\"https:\\\/\\\/inclusive-steps.be\\\/#organization\"},\"potentialAction\":[{\"@type\":\"SearchAction\",\"target\":{\"@type\":\"EntryPoint\",\"urlTemplate\":\"https:\\\/\\\/inclusive-steps.be\\\/?s={search_term_string}\"},\"query-input\":{\"@type\":\"PropertyValueSpecification\",\"valueRequired\":true,\"valueName\":\"search_term_string\"}}],\"inLanguage\":\"nl-NL\"},{\"@type\":\"Organization\",\"@id\":\"https:\\\/\\\/inclusive-steps.be\\\/#organization\",\"name\":\"Inclusive steps\",\"url\":\"https:\\\/\\\/inclusive-steps.be\\\/\",\"logo\":{\"@type\":\"ImageObject\",\"inLanguage\":\"nl-NL\",\"@id\":\"https:\\\/\\\/inclusive-steps.be\\\/#\\\/schema\\\/logo\\\/image\\\/\",\"url\":\"https:\\\/\\\/inclusive-steps.be\\\/wp-content\\\/uploads\\\/2025\\\/09\\\/favicon.svg\",\"contentUrl\":\"https:\\\/\\\/inclusive-steps.be\\\/wp-content\\\/uploads\\\/2025\\\/09\\\/favicon.svg\",\"width\":58,\"height\":57,\"caption\":\"Inclusive steps\"},\"image\":{\"@id\":\"https:\\\/\\\/inclusive-steps.be\\\/#\\\/schema\\\/logo\\\/image\\\/\"}}]}<\/script>\n<!-- \/ Yoast SEO plugin. -->","yoast_head_json":{"title":"Accessibilit\u00e9 - Inclusive steps","robots":{"index":"index","follow":"follow","max-snippet":"max-snippet:-1","max-image-preview":"max-image-preview:large","max-video-preview":"max-video-preview:-1"},"canonical":"https:\/\/inclusive-steps.be\/neerlandais\/accessibilite\/","og_locale":"nl_NL","og_type":"article","og_title":"Accessibilit\u00e9 - Inclusive steps","og_description":"D\u00e9marche d&rsquo;accessibilit\u00e9 Ce site actuel n\u2019a pas fait l\u2019objet d\u2019un audit complet selon le r\u00e9f\u00e9rentiel RGAA 4.1. Par cons\u00e9quent, il est consid\u00e9r\u00e9 comme non conforme par d\u00e9faut. N\u00e9anmoins, une attention particuli\u00e8re a \u00e9t\u00e9 port\u00e9e \u00e0 l\u2019accessibilit\u00e9 num\u00e9rique afin de rendre le site utilisable par le plus grand nombre. Vous devriez ainsi pouvoir : Zoomer jusqu\u2019\u00e0 [&hellip;]","og_url":"https:\/\/inclusive-steps.be\/neerlandais\/accessibilite\/","og_site_name":"Inclusive steps","article_modified_time":"2025-11-25T16:37:15+00:00","og_image":[{"width":608,"height":309,"url":"https:\/\/inclusive-steps.be\/wp-content\/uploads\/2025\/11\/Screenshot_4.png","type":"image\/png"}],"twitter_card":"summary_large_image","twitter_misc":{"Geschatte leestijd":"2 minuten"},"schema":{"@context":"https:\/\/schema.org","@graph":[{"@type":"WebPage","@id":"https:\/\/inclusive-steps.be\/accessibilite\/","url":"https:\/\/inclusive-steps.be\/accessibilite\/","name":"Accessibilit\u00e9 - Inclusive steps","isPartOf":{"@id":"https:\/\/inclusive-steps.be\/#website"},"datePublished":"2025-09-18T14:02:03+00:00","dateModified":"2025-11-25T16:37:15+00:00","breadcrumb":{"@id":"https:\/\/inclusive-steps.be\/accessibilite\/#breadcrumb"},"inLanguage":"nl-NL","potentialAction":[{"@type":"ReadAction","target":["https:\/\/inclusive-steps.be\/accessibilite\/"]}]},{"@type":"BreadcrumbList","@id":"https:\/\/inclusive-steps.be\/accessibilite\/#breadcrumb","itemListElement":[{"@type":"ListItem","position":1,"name":"Accueil","item":"https:\/\/inclusive-steps.be\/"},{"@type":"ListItem","position":2,"name":"Accessibilit\u00e9"}]},{"@type":"WebSite","@id":"https:\/\/inclusive-steps.be\/#website","url":"https:\/\/inclusive-steps.be\/","name":"Inclusive steps","description":"Think accessible, build better","publisher":{"@id":"https:\/\/inclusive-steps.be\/#organization"},"potentialAction":[{"@type":"SearchAction","target":{"@type":"EntryPoint","urlTemplate":"https:\/\/inclusive-steps.be\/?s={search_term_string}"},"query-input":{"@type":"PropertyValueSpecification","valueRequired":true,"valueName":"search_term_string"}}],"inLanguage":"nl-NL"},{"@type":"Organization","@id":"https:\/\/inclusive-steps.be\/#organization","name":"Inclusive steps","url":"https:\/\/inclusive-steps.be\/","logo":{"@type":"ImageObject","inLanguage":"nl-NL","@id":"https:\/\/inclusive-steps.be\/#\/schema\/logo\/image\/","url":"https:\/\/inclusive-steps.be\/wp-content\/uploads\/2025\/09\/favicon.svg","contentUrl":"https:\/\/inclusive-steps.be\/wp-content\/uploads\/2025\/09\/favicon.svg","width":58,"height":57,"caption":"Inclusive steps"},"image":{"@id":"https:\/\/inclusive-steps.be\/#\/schema\/logo\/image\/"}}]}},"_links":{"self":[{"href":"https:\/\/inclusive-steps.be\/neerlandais\/wp-json\/wp\/v2\/pages\/3986","targetHints":{"allow":["GET"]}}],"collection":[{"href":"https:\/\/inclusive-steps.be\/neerlandais\/wp-json\/wp\/v2\/pages"}],"about":[{"href":"https:\/\/inclusive-steps.be\/neerlandais\/wp-json\/wp\/v2\/types\/page"}],"author":[{"embeddable":true,"href":"https:\/\/inclusive-steps.be\/neerlandais\/wp-json\/wp\/v2\/users\/1"}],"replies":[{"embeddable":true,"href":"https:\/\/inclusive-steps.be\/neerlandais\/wp-json\/wp\/v2\/comments?post=3986"}],"version-history":[{"count":22,"href":"https:\/\/inclusive-steps.be\/neerlandais\/wp-json\/wp\/v2\/pages\/3986\/revisions"}],"predecessor-version":[{"id":6128,"href":"https:\/\/inclusive-steps.be\/neerlandais\/wp-json\/wp\/v2\/pages\/3986\/revisions\/6128"}],"wp:attachment":[{"href":"https:\/\/inclusive-steps.be\/neerlandais\/wp-json\/wp\/v2\/media?parent=3986"}],"curies":[{"name":"wp","href":"https:\/\/api.w.org\/{rel}","templated":true}]}}