{"id":4001,"date":"2025-09-18T16:07:46","date_gmt":"2025-09-18T14:07:46","guid":{"rendered":"https:\/\/inclusive.wp.steppers.be\/?page_id=4001"},"modified":"2025-12-03T15:49:10","modified_gmt":"2025-12-03T14:49:10","slug":"mentions-legales","status":"publish","type":"page","link":"https:\/\/inclusive-steps.be\/neerlandais\/mentions-legales\/","title":{"rendered":"Wettelijke vermeldingen"},"content":{"rendered":"<div data-elementor-type=\"wp-page\" data-elementor-id=\"4001\" class=\"elementor elementor-4001\" data-elementor-post-type=\"page\">\n\t\t\t\t<div class=\"elementor-element elementor-element-ccfb267 e-flex e-con-boxed e-con e-parent\" data-id=\"ccfb267\" data-element_type=\"container\" data-e-type=\"container\">\n\t\t\t\t\t<div class=\"e-con-inner\">\n\t\t<div class=\"elementor-element elementor-element-963039f e-con-full e-flex e-con e-child\" data-id=\"963039f\" data-element_type=\"container\" data-e-type=\"container\">\n\t\t\t\t<div class=\"elementor-element elementor-element-0b0536a elementor-widget elementor-widget-heading\" data-id=\"0b0536a\" data-element_type=\"widget\" data-e-type=\"widget\" tabindex=\"0\" data-widget_type=\"heading.default\">\n\t\t\t\t\t<h2 class=\"elementor-heading-title elementor-size-default\">Wettelijke vermeldingen<\/h2>\t\t\t\t<\/div>\n\t\t<div class=\"elementor-element elementor-element-d357229 e-con-full e-flex e-con e-child\" data-id=\"d357229\" data-element_type=\"container\" data-e-type=\"container\" data-settings=\"{&quot;background_background&quot;:&quot;classic&quot;}\">\n\t\t\t\t<div class=\"elementor-element elementor-element-2e8833e elementor-widget elementor-widget-text-editor\" data-id=\"2e8833e\" data-element_type=\"widget\" data-e-type=\"widget\" tabindex=\"0\" data-widget_type=\"text-editor.default\">\n\t\t\t\t\t\t\t\t\t<p>Bij Steppers Studio houden we van transparantie en duidelijke communicatie. Check gerust onze wettelijke info, en stuur gerust een mailtje als je vragen hebt!<\/p>\t\t\t\t\t\t\t\t<\/div>\n\t\t<div class=\"elementor-element elementor-element-ed4f642 e-con-full e-flex e-con e-child\" data-id=\"ed4f642\" data-element_type=\"container\" data-e-type=\"container\">\n\t\t\t\t<div class=\"elementor-element elementor-element-3dd15ff elementor-widget elementor-widget-heading\" data-id=\"3dd15ff\" data-element_type=\"widget\" data-e-type=\"widget\" data-widget_type=\"heading.default\">\n\t\t\t\t\t<h2 class=\"elementor-heading-title elementor-size-default\">Beheerder van de website<\/h2>\t\t\t\t<\/div>\n\t\t\t\t<div class=\"elementor-element elementor-element-65c53d6 elementor-widget elementor-widget-text-editor\" data-id=\"65c53d6\" data-element_type=\"widget\" data-e-type=\"widget\" tabindex=\"0\" data-widget_type=\"text-editor.default\">\n\t\t\t\t\t\t\t\t\t<p>Steppers SRL -- Egide Walschaertsstraat 38, 1060 Sint-Gillis -- Brussel.<br \/>Email :\u00a0<span style=\"text-decoration: underline;\"><span style=\"color: #000000; text-decoration: underline;\"><a style=\"color: #000000; text-decoration: underline;\" href=\"mailto:info@steppers.be\">E-mail: info@steppers.be<\/a><\/span><\/span><br \/>Ondernemingsnummer: 0677912412<\/p>\t\t\t\t\t\t\t\t<\/div>\n\t\t\t\t<\/div>\n\t\t<div class=\"elementor-element elementor-element-fa12cf4 e-con-full e-flex e-con e-child\" data-id=\"fa12cf4\" data-element_type=\"container\" data-e-type=\"container\">\n\t\t\t\t<div class=\"elementor-element elementor-element-7146f5d elementor-widget elementor-widget-heading\" data-id=\"7146f5d\" data-element_type=\"widget\" data-e-type=\"widget\" data-widget_type=\"heading.default\">\n\t\t\t\t\t<h2 class=\"elementor-heading-title elementor-size-default\">Publicatieverantwoordelijke<\/h2>\t\t\t\t<\/div>\n\t\t\t\t<div class=\"elementor-element elementor-element-5a90a3a elementor-widget elementor-widget-text-editor\" data-id=\"5a90a3a\" data-element_type=\"widget\" data-e-type=\"widget\" tabindex=\"0\" data-widget_type=\"text-editor.default\">\n\t\t\t\t\t\t\t\t\t<p class=\"translation-block\">Ana\u00efs Psa\u00efla, <a href=\"mailto:info@steppers.be\" target=\"_self\"><span style=\"text-decoration: underline;color: #000000\">\u00a0info@steppers.be<\/span><\/a><\/p>\t\t\t\t\t\t\t\t<\/div>\n\t\t\t\t<\/div>\n\t\t<div class=\"elementor-element elementor-element-e0a4239 e-con-full e-flex e-con e-child\" data-id=\"e0a4239\" data-element_type=\"container\" data-e-type=\"container\">\n\t\t\t\t<div class=\"elementor-element elementor-element-a111a03 elementor-widget elementor-widget-heading\" data-id=\"a111a03\" data-element_type=\"widget\" data-e-type=\"widget\" data-widget_type=\"heading.default\">\n\t\t\t\t\t<h2 class=\"elementor-heading-title elementor-size-default\">Hostingpartner<\/h2>\t\t\t\t<\/div>\n\t\t\t\t<div class=\"elementor-element elementor-element-36e69ee elementor-widget elementor-widget-text-editor\" data-id=\"36e69ee\" data-element_type=\"widget\" data-e-type=\"widget\" tabindex=\"0\" data-widget_type=\"text-editor.default\">\n\t\t\t\t\t\t\t\t\t<p>Infomaniak Network SA, Rue Eug\u00e8ne Marziano 25, 1227 Les Acacias (GE)<\/p><p><span style=\"text-decoration: underline;\"><span style=\"color: #000000; text-decoration: underline;\"><a style=\"color: #000000; text-decoration: underline;\" href=\"https:\/\/www.infomaniak.com\/fr\/aide\"> https:\/\/www.infomaniak.com\/fr\/aide<\/a><\/span><\/span> \u2013 <a href=\"https:\/\/www.infomaniak.com\/fr\"><span style=\"text-decoration: underline; color: #000000;\">www.http:\/\/infomaniak.com<\/span><\/a><\/p>\t\t\t\t\t\t\t\t<\/div>\n\t\t\t\t<\/div>\n\t\t<div class=\"elementor-element elementor-element-7d622dd e-con-full e-flex e-con e-child\" data-id=\"7d622dd\" data-element_type=\"container\" data-e-type=\"container\">\n\t\t\t\t<div class=\"elementor-element elementor-element-95d38fb elementor-widget elementor-widget-heading\" data-id=\"95d38fb\" data-element_type=\"widget\" data-e-type=\"widget\" data-widget_type=\"heading.default\">\n\t\t\t\t\t<h2 class=\"elementor-heading-title elementor-size-default\">Credits en licentie<\/h2>\t\t\t\t<\/div>\n\t\t\t\t<div class=\"elementor-element elementor-element-4ae1e34 elementor-widget elementor-widget-text-editor\" data-id=\"4ae1e34\" data-element_type=\"widget\" data-e-type=\"widget\" tabindex=\"0\" data-widget_type=\"text-editor.default\">\n\t\t\t\t\t\t\t\t\t<p>Ontwerp en realisatie: \u00a9 Steppers Studio \/ Illustraties, grafische vormgeving en pedagogisch materiaal (fiches, memobriefjes, bingo, spelletjes, andere afdrukbare documenten): \u00a9 Steppers Studio<\/p>\t\t\t\t\t\t\t\t<\/div>\n\t\t\t\t<\/div>\n\t\t<div class=\"elementor-element elementor-element-2115cff e-con-full e-flex e-con e-child\" data-id=\"2115cff\" data-element_type=\"container\" data-e-type=\"container\">\n\t\t\t\t<div class=\"elementor-element elementor-element-8a06cbc elementor-widget elementor-widget-heading\" data-id=\"8a06cbc\" data-element_type=\"widget\" data-e-type=\"widget\" data-widget_type=\"heading.default\">\n\t\t\t\t\t<h2 class=\"elementor-heading-title elementor-size-default\">Intellectueel eigendom<\/h2>\t\t\t\t<\/div>\n\t\t\t\t<div class=\"elementor-element elementor-element-4e59f3c elementor-widget elementor-widget-text-editor\" data-id=\"4e59f3c\" data-element_type=\"widget\" data-e-type=\"widget\" tabindex=\"0\" data-widget_type=\"text-editor.default\">\n\t\t\t\t\t\t\t\t\tDeze inhoud en pedagogisch materiaal worden ter beschikking gesteld onder de Creative Commons Attribution - No Commercial Use - No Modification 4.0 International (CC BY-NC-ND 4.0) licentie. Je mag deze materialen gerust delen, zolang je :\n<ul>\n \t<li>de bron vermeldt (Inclusive Steps -- Steppers Studio);<\/li>\n \t<li>niets wijzigt of aanpast;<\/li>\n \t<li>ze niet commercieel gebruikt.<\/li>\n<\/ul>\nWil je meer doen (zoals bewerken, vertalen, of voor partners gebruiken)? Vraag dan eerst even toestemming. \ud83d\udd17 <a style=\"color: #000000;\" href=\"https:\/\/creativecommons.org\/licenses\/by-nc-nd\/4.0\/deed.fr\"><span style=\"color: #000000; text-decoration: underline;\">Licence CC BY-NC-ND 4.0<\/span><\/a>\t\t\t\t\t\t\t\t<\/div>\n\t\t\t\t<\/div>\n\t\t\t\t<\/div>\n\t\t\t\t<\/div>\n\t\t\t\t\t<\/div>\n\t\t\t\t<\/div>\n\t\t\t\t<\/div>","protected":false},"excerpt":{"rendered":"<p>Mentions l\u00e9gales Chez Steppers Studio, nous croyons en une communication transparente et responsable. N\u2019h\u00e9sitez pas \u00e0 parcourir nos mentions l\u00e9gales et \u00e0 nous contacter pour toute question. Propri\u00e9taire du site Steppers SRL \u2013 Rue Egide Walschaerts 38, 1060 Saint-Gilles \u2013\u00a0 Bruxelles.Email :\u00a0info@steppers.beN\u00b0 d\u2019entreprise : 0677912412 Directrice de la publication Ana\u00efs Psa\u00efla, \u00a0info@steppers.be H\u00e9bergeur du site [&hellip;]<\/p>\n","protected":false},"author":1,"featured_media":0,"parent":0,"menu_order":5,"comment_status":"closed","ping_status":"closed","template":"","meta":{"_acf_changed":false,"footnotes":""},"class_list":["post-4001","page","type-page","status-publish","hentry"],"acf":[],"yoast_head":"<!-- This site is optimized with the Yoast SEO plugin v27.3 - https:\/\/yoast.com\/product\/yoast-seo-wordpress\/ -->\n<title>Mentions l\u00e9gales - Inclusive steps<\/title>\n<meta name=\"robots\" content=\"index, follow, max-snippet:-1, max-image-preview:large, max-video-preview:-1\" \/>\n<link rel=\"canonical\" href=\"https:\/\/inclusive-steps.be\/neerlandais\/mentions-legales\/\" \/>\n<meta property=\"og:locale\" content=\"nl_NL\" \/>\n<meta property=\"og:type\" content=\"article\" \/>\n<meta property=\"og:title\" content=\"Mentions l\u00e9gales - Inclusive steps\" \/>\n<meta property=\"og:description\" content=\"Mentions l\u00e9gales Chez Steppers Studio, nous croyons en une communication transparente et responsable. N\u2019h\u00e9sitez pas \u00e0 parcourir nos mentions l\u00e9gales et \u00e0 nous contacter pour toute question. Propri\u00e9taire du site Steppers SRL \u2013 Rue Egide Walschaerts 38, 1060 Saint-Gilles \u2013\u00a0 Bruxelles.Email :\u00a0info@steppers.beN\u00b0 d\u2019entreprise : 0677912412 Directrice de la publication Ana\u00efs Psa\u00efla, \u00a0info@steppers.be H\u00e9bergeur du site [&hellip;]\" \/>\n<meta property=\"og:url\" content=\"https:\/\/inclusive-steps.be\/neerlandais\/mentions-legales\/\" \/>\n<meta property=\"og:site_name\" content=\"Inclusive steps\" \/>\n<meta property=\"article:modified_time\" content=\"2025-12-03T14:49:10+00:00\" \/>\n<meta property=\"og:image\" content=\"https:\/\/inclusive-steps.be\/wp-content\/uploads\/2025\/11\/Screenshot_4.png\" \/>\n\t<meta property=\"og:image:width\" content=\"608\" \/>\n\t<meta property=\"og:image:height\" content=\"309\" \/>\n\t<meta property=\"og:image:type\" content=\"image\/png\" \/>\n<meta name=\"twitter:card\" content=\"summary_large_image\" \/>\n<meta name=\"twitter:label1\" content=\"Geschatte leestijd\" \/>\n\t<meta name=\"twitter:data1\" content=\"2 minuten\" \/>\n<script type=\"application\/ld+json\" class=\"yoast-schema-graph\">{\"@context\":\"https:\\\/\\\/schema.org\",\"@graph\":[{\"@type\":\"WebPage\",\"@id\":\"https:\\\/\\\/inclusive-steps.be\\\/mentions-legales\\\/\",\"url\":\"https:\\\/\\\/inclusive-steps.be\\\/mentions-legales\\\/\",\"name\":\"Mentions l\u00e9gales - Inclusive steps\",\"isPartOf\":{\"@id\":\"https:\\\/\\\/inclusive-steps.be\\\/#website\"},\"datePublished\":\"2025-09-18T14:07:46+00:00\",\"dateModified\":\"2025-12-03T14:49:10+00:00\",\"breadcrumb\":{\"@id\":\"https:\\\/\\\/inclusive-steps.be\\\/mentions-legales\\\/#breadcrumb\"},\"inLanguage\":\"nl-NL\",\"potentialAction\":[{\"@type\":\"ReadAction\",\"target\":[\"https:\\\/\\\/inclusive-steps.be\\\/mentions-legales\\\/\"]}]},{\"@type\":\"BreadcrumbList\",\"@id\":\"https:\\\/\\\/inclusive-steps.be\\\/mentions-legales\\\/#breadcrumb\",\"itemListElement\":[{\"@type\":\"ListItem\",\"position\":1,\"name\":\"Accueil\",\"item\":\"https:\\\/\\\/inclusive-steps.be\\\/\"},{\"@type\":\"ListItem\",\"position\":2,\"name\":\"Mentions l\u00e9gales\"}]},{\"@type\":\"WebSite\",\"@id\":\"https:\\\/\\\/inclusive-steps.be\\\/#website\",\"url\":\"https:\\\/\\\/inclusive-steps.be\\\/\",\"name\":\"Inclusive steps\",\"description\":\"Think accessible, build better\",\"publisher\":{\"@id\":\"https:\\\/\\\/inclusive-steps.be\\\/#organization\"},\"potentialAction\":[{\"@type\":\"SearchAction\",\"target\":{\"@type\":\"EntryPoint\",\"urlTemplate\":\"https:\\\/\\\/inclusive-steps.be\\\/?s={search_term_string}\"},\"query-input\":{\"@type\":\"PropertyValueSpecification\",\"valueRequired\":true,\"valueName\":\"search_term_string\"}}],\"inLanguage\":\"nl-NL\"},{\"@type\":\"Organization\",\"@id\":\"https:\\\/\\\/inclusive-steps.be\\\/#organization\",\"name\":\"Inclusive steps\",\"url\":\"https:\\\/\\\/inclusive-steps.be\\\/\",\"logo\":{\"@type\":\"ImageObject\",\"inLanguage\":\"nl-NL\",\"@id\":\"https:\\\/\\\/inclusive-steps.be\\\/#\\\/schema\\\/logo\\\/image\\\/\",\"url\":\"https:\\\/\\\/inclusive-steps.be\\\/wp-content\\\/uploads\\\/2025\\\/09\\\/favicon.svg\",\"contentUrl\":\"https:\\\/\\\/inclusive-steps.be\\\/wp-content\\\/uploads\\\/2025\\\/09\\\/favicon.svg\",\"width\":58,\"height\":57,\"caption\":\"Inclusive steps\"},\"image\":{\"@id\":\"https:\\\/\\\/inclusive-steps.be\\\/#\\\/schema\\\/logo\\\/image\\\/\"}}]}<\/script>\n<!-- \/ Yoast SEO plugin. -->","yoast_head_json":{"title":"Mentions l\u00e9gales - Inclusive steps","robots":{"index":"index","follow":"follow","max-snippet":"max-snippet:-1","max-image-preview":"max-image-preview:large","max-video-preview":"max-video-preview:-1"},"canonical":"https:\/\/inclusive-steps.be\/neerlandais\/mentions-legales\/","og_locale":"nl_NL","og_type":"article","og_title":"Mentions l\u00e9gales - Inclusive steps","og_description":"Mentions l\u00e9gales Chez Steppers Studio, nous croyons en une communication transparente et responsable. N\u2019h\u00e9sitez pas \u00e0 parcourir nos mentions l\u00e9gales et \u00e0 nous contacter pour toute question. Propri\u00e9taire du site Steppers SRL \u2013 Rue Egide Walschaerts 38, 1060 Saint-Gilles \u2013\u00a0 Bruxelles.Email :\u00a0info@steppers.beN\u00b0 d\u2019entreprise : 0677912412 Directrice de la publication Ana\u00efs Psa\u00efla, \u00a0info@steppers.be H\u00e9bergeur du site [&hellip;]","og_url":"https:\/\/inclusive-steps.be\/neerlandais\/mentions-legales\/","og_site_name":"Inclusive steps","article_modified_time":"2025-12-03T14:49:10+00:00","og_image":[{"width":608,"height":309,"url":"https:\/\/inclusive-steps.be\/wp-content\/uploads\/2025\/11\/Screenshot_4.png","type":"image\/png"}],"twitter_card":"summary_large_image","twitter_misc":{"Geschatte leestijd":"2 minuten"},"schema":{"@context":"https:\/\/schema.org","@graph":[{"@type":"WebPage","@id":"https:\/\/inclusive-steps.be\/mentions-legales\/","url":"https:\/\/inclusive-steps.be\/mentions-legales\/","name":"Mentions l\u00e9gales - Inclusive steps","isPartOf":{"@id":"https:\/\/inclusive-steps.be\/#website"},"datePublished":"2025-09-18T14:07:46+00:00","dateModified":"2025-12-03T14:49:10+00:00","breadcrumb":{"@id":"https:\/\/inclusive-steps.be\/mentions-legales\/#breadcrumb"},"inLanguage":"nl-NL","potentialAction":[{"@type":"ReadAction","target":["https:\/\/inclusive-steps.be\/mentions-legales\/"]}]},{"@type":"BreadcrumbList","@id":"https:\/\/inclusive-steps.be\/mentions-legales\/#breadcrumb","itemListElement":[{"@type":"ListItem","position":1,"name":"Accueil","item":"https:\/\/inclusive-steps.be\/"},{"@type":"ListItem","position":2,"name":"Mentions l\u00e9gales"}]},{"@type":"WebSite","@id":"https:\/\/inclusive-steps.be\/#website","url":"https:\/\/inclusive-steps.be\/","name":"Inclusive steps","description":"Think accessible, build better","publisher":{"@id":"https:\/\/inclusive-steps.be\/#organization"},"potentialAction":[{"@type":"SearchAction","target":{"@type":"EntryPoint","urlTemplate":"https:\/\/inclusive-steps.be\/?s={search_term_string}"},"query-input":{"@type":"PropertyValueSpecification","valueRequired":true,"valueName":"search_term_string"}}],"inLanguage":"nl-NL"},{"@type":"Organization","@id":"https:\/\/inclusive-steps.be\/#organization","name":"Inclusive steps","url":"https:\/\/inclusive-steps.be\/","logo":{"@type":"ImageObject","inLanguage":"nl-NL","@id":"https:\/\/inclusive-steps.be\/#\/schema\/logo\/image\/","url":"https:\/\/inclusive-steps.be\/wp-content\/uploads\/2025\/09\/favicon.svg","contentUrl":"https:\/\/inclusive-steps.be\/wp-content\/uploads\/2025\/09\/favicon.svg","width":58,"height":57,"caption":"Inclusive steps"},"image":{"@id":"https:\/\/inclusive-steps.be\/#\/schema\/logo\/image\/"}}]}},"_links":{"self":[{"href":"https:\/\/inclusive-steps.be\/neerlandais\/wp-json\/wp\/v2\/pages\/4001","targetHints":{"allow":["GET"]}}],"collection":[{"href":"https:\/\/inclusive-steps.be\/neerlandais\/wp-json\/wp\/v2\/pages"}],"about":[{"href":"https:\/\/inclusive-steps.be\/neerlandais\/wp-json\/wp\/v2\/types\/page"}],"author":[{"embeddable":true,"href":"https:\/\/inclusive-steps.be\/neerlandais\/wp-json\/wp\/v2\/users\/1"}],"replies":[{"embeddable":true,"href":"https:\/\/inclusive-steps.be\/neerlandais\/wp-json\/wp\/v2\/comments?post=4001"}],"version-history":[{"count":31,"href":"https:\/\/inclusive-steps.be\/neerlandais\/wp-json\/wp\/v2\/pages\/4001\/revisions"}],"predecessor-version":[{"id":6181,"href":"https:\/\/inclusive-steps.be\/neerlandais\/wp-json\/wp\/v2\/pages\/4001\/revisions\/6181"}],"wp:attachment":[{"href":"https:\/\/inclusive-steps.be\/neerlandais\/wp-json\/wp\/v2\/media?parent=4001"}],"curies":[{"name":"wp","href":"https:\/\/api.w.org\/{rel}","templated":true}]}}