{"id":4012,"date":"2025-09-18T16:11:04","date_gmt":"2025-09-18T14:11:04","guid":{"rendered":"https:\/\/inclusive.wp.steppers.be\/?page_id=4012"},"modified":"2025-11-20T16:39:16","modified_gmt":"2025-11-20T15:39:16","slug":"politique-de-confidentialite","status":"publish","type":"page","link":"https:\/\/inclusive-steps.be\/neerlandais\/politique-de-confidentialite\/","title":{"rendered":"Privacybeleid"},"content":{"rendered":"<div data-elementor-type=\"wp-page\" data-elementor-id=\"4012\" class=\"elementor elementor-4012\" data-elementor-post-type=\"page\">\n\t\t\t\t<div class=\"elementor-element elementor-element-65279ec e-flex e-con-boxed e-con e-parent\" data-id=\"65279ec\" data-element_type=\"container\" data-e-type=\"container\">\n\t\t\t\t\t<div class=\"e-con-inner\">\n\t\t<div class=\"elementor-element elementor-element-93d944a e-con-full e-flex e-con e-child\" data-id=\"93d944a\" data-element_type=\"container\" data-e-type=\"container\">\n\t\t\t\t<div class=\"elementor-element elementor-element-95e770c elementor-widget elementor-widget-heading\" data-id=\"95e770c\" data-element_type=\"widget\" data-e-type=\"widget\" tabindex=\"0\" data-widget_type=\"heading.default\">\n\t\t\t\t\t<h2 class=\"elementor-heading-title elementor-size-default\">Privacybeleid<\/h2>\t\t\t\t<\/div>\n\t\t<div class=\"elementor-element elementor-element-7e9018f e-con-full e-flex e-con e-child\" data-id=\"7e9018f\" data-element_type=\"container\" data-e-type=\"container\" data-settings=\"{&quot;background_background&quot;:&quot;classic&quot;}\">\n\t\t\t\t<div class=\"elementor-element elementor-element-ed88440 elementor-widget elementor-widget-text-editor\" data-id=\"ed88440\" data-element_type=\"widget\" data-e-type=\"widget\" tabindex=\"0\" data-widget_type=\"text-editor.default\">\n\t\t\t\t\t\t\t\t\tWij hechten veel belang aan de bescherming van je gegevens. Op deze pagina wordt uitgelegd welke gegevens wij verzamelen, waarom wij dat doen en hoe deze gegevens worden gebruikt.\t\t\t\t\t\t\t\t<\/div>\n\t\t<div class=\"elementor-element elementor-element-12ceb90 e-con-full e-flex e-con e-child\" data-id=\"12ceb90\" data-element_type=\"container\" data-e-type=\"container\">\n\t\t\t\t<div class=\"elementor-element elementor-element-e4e08a3 elementor-widget elementor-widget-heading\" data-id=\"e4e08a3\" data-element_type=\"widget\" data-e-type=\"widget\" data-widget_type=\"heading.default\">\n\t\t\t\t\t<h2 class=\"elementor-heading-title elementor-size-default\">Wie verzamelt je gegevens?<\/h2>\t\t\t\t<\/div>\n\t\t\t\t<div class=\"elementor-element elementor-element-6ccdfb3 elementor-widget elementor-widget-text-editor\" data-id=\"6ccdfb3\" data-element_type=\"widget\" data-e-type=\"widget\" tabindex=\"0\" data-widget_type=\"text-editor.default\">\n\t\t\t\t\t\t\t\t\t<p class=\"translation-block\">Steppers Studio\nRue des Alli\u00e9s, 289 -- 1190 Vorst, Belgi\u00eb\nE-mail: <a style=\"color: #000000;text-decoration: underline\" href=\"mailto:info@steppers.be\" target=\"_self\">info@steppers.be<\/a><\/p>\t\t\t\t\t\t\t\t<\/div>\n\t\t\t\t<\/div>\n\t\t<div class=\"elementor-element elementor-element-805a721 e-con-full e-flex e-con e-child\" data-id=\"805a721\" data-element_type=\"container\" data-e-type=\"container\">\n\t\t\t\t<div class=\"elementor-element elementor-element-aa98168 elementor-widget elementor-widget-heading\" data-id=\"aa98168\" data-element_type=\"widget\" data-e-type=\"widget\" data-widget_type=\"heading.default\">\n\t\t\t\t\t<h2 class=\"elementor-heading-title elementor-size-default\">Welke gegevens worden verzameld?<\/h2>\t\t\t\t<\/div>\n\t\t\t\t<div class=\"elementor-element elementor-element-b518106 elementor-widget elementor-widget-text-editor\" data-id=\"b518106\" data-element_type=\"widget\" data-e-type=\"widget\" tabindex=\"0\" data-widget_type=\"text-editor.default\">\n\t\t\t\t\t\t\t\t\t<ul><li>De antwoorden op formulieren en vragenlijsten.<\/li><li>Het e-mailadres en het beroep, die je moet invullen om toegang te krijgen tot de tools of om informatie te ontvangen.<\/li><\/ul><p>We verzamelen geen overbodige gegevens en je gegevens worden nooit verkocht of gedeeld met derden.<\/p>\t\t\t\t\t\t\t\t<\/div>\n\t\t\t\t<\/div>\n\t\t<div class=\"elementor-element elementor-element-93fb37d e-con-full e-flex e-con e-child\" data-id=\"93fb37d\" data-element_type=\"container\" data-e-type=\"container\">\n\t\t\t\t<div class=\"elementor-element elementor-element-0624acc elementor-widget elementor-widget-heading\" data-id=\"0624acc\" data-element_type=\"widget\" data-e-type=\"widget\" data-widget_type=\"heading.default\">\n\t\t\t\t\t<h2 class=\"elementor-heading-title elementor-size-default\">Waarom verzamelen we deze gegevens?<\/h2>\t\t\t\t<\/div>\n\t\t\t\t<div class=\"elementor-element elementor-element-cac041a elementor-widget elementor-widget-text-editor\" data-id=\"cac041a\" data-element_type=\"widget\" data-e-type=\"widget\" tabindex=\"0\" data-widget_type=\"text-editor.default\">\n\t\t\t\t\t\t\t\t\t<ul><li>Om je toegang te geven tot de tools en bronnen van de website.<\/li><li>Om te reageren op inzendingen van bronnen, getuigenissen of klachten.<\/li><li>Om je op de hoogte te houden van het laatste nieuws over het Inclusive Steps-project of Steppers Studio, als je daarvoor toestemming hebt gegeven.<\/li><li>Om het verkeer op de website te analyseren via Matomo, een tool die de privacy respecteert (er worden geen advertentiecookies gebruikt).<\/li><\/ul>\t\t\t\t\t\t\t\t<\/div>\n\t\t\t\t<\/div>\n\t\t<div class=\"elementor-element elementor-element-67bdc72 e-con-full e-flex e-con e-child\" data-id=\"67bdc72\" data-element_type=\"container\" data-e-type=\"container\">\n\t\t\t\t<div class=\"elementor-element elementor-element-9b0c9e6 elementor-widget elementor-widget-heading\" data-id=\"9b0c9e6\" data-element_type=\"widget\" data-e-type=\"widget\" data-widget_type=\"heading.default\">\n\t\t\t\t\t<h2 class=\"elementor-heading-title elementor-size-default\">Wie heeft toegang tot je gegevens?<\/h2>\t\t\t\t<\/div>\n\t\t\t\t<div class=\"elementor-element elementor-element-c13db67 elementor-widget elementor-widget-text-editor\" data-id=\"c13db67\" data-element_type=\"widget\" data-e-type=\"widget\" tabindex=\"0\" data-widget_type=\"text-editor.default\">\n\t\t\t\t\t\t\t\t\t<p>Alleen de teams van Steppers Studio hebben toegang tot de informatie die voor bovenstaande doeleinden wordt verzameld.<\/p><p class=\"translation-block\">Deze worden nooit aan derden doorgegeven, tenzij dit wettelijk verplicht is.<\/p>\t\t\t\t\t\t\t\t<\/div>\n\t\t\t\t<\/div>\n\t\t<div class=\"elementor-element elementor-element-dcbf770 e-con-full e-flex e-con e-child\" data-id=\"dcbf770\" data-element_type=\"container\" data-e-type=\"container\">\n\t\t\t\t<div class=\"elementor-element elementor-element-1e24620 elementor-widget elementor-widget-heading\" data-id=\"1e24620\" data-element_type=\"widget\" data-e-type=\"widget\" data-widget_type=\"heading.default\">\n\t\t\t\t\t<h2 class=\"elementor-heading-title elementor-size-default\">Hoe lang bewaren wij je gegevens?<\/h2>\t\t\t\t<\/div>\n\t\t\t\t<div class=\"elementor-element elementor-element-1228f7a elementor-widget elementor-widget-text-editor\" data-id=\"1228f7a\" data-element_type=\"widget\" data-e-type=\"widget\" tabindex=\"0\" data-widget_type=\"text-editor.default\">\n\t\t\t\t\t\t\t\t\t<ul><li>Antwoorden op vragenlijsten en formulieren: 10 jaar.<\/li><li>E-mailadressen: 10 jaar, tenzij je vraagt om ze eerder te verwijderen.<\/li><\/ul>\t\t\t\t\t\t\t\t<\/div>\n\t\t\t\t<\/div>\n\t\t<div class=\"elementor-element elementor-element-f520b2e e-con-full e-flex e-con e-child\" data-id=\"f520b2e\" data-element_type=\"container\" data-e-type=\"container\">\n\t\t\t\t<div class=\"elementor-element elementor-element-1f25be9 elementor-widget elementor-widget-heading\" data-id=\"1f25be9\" data-element_type=\"widget\" data-e-type=\"widget\" data-widget_type=\"heading.default\">\n\t\t\t\t\t<h2 class=\"elementor-heading-title elementor-size-default\">Je rechten<\/h2>\t\t\t\t<\/div>\n\t\t\t\t<div class=\"elementor-element elementor-element-43b2b35 elementor-widget elementor-widget-text-editor\" data-id=\"43b2b35\" data-element_type=\"widget\" data-e-type=\"widget\" tabindex=\"0\" data-widget_type=\"text-editor.default\">\n\t\t\t\t\t\t\t\t\t<p>In overeenstemming met de AVG kan je:<\/p><ul><li>je gegevens inkijken (recht op toegang);<\/li><li>fouten laten rechtzetten (recht op rectificatie);<\/li><li>wissen laten als je dat wil (recht op verwijdering);<\/li><li>vragen om verwerking te beperken (recht op beperking);<\/li><li>je gegevens in een handig formaat krijgen (recht op overdraagbaarheid);<\/li><li>bezwaar maken tegen gebruik (recht op bezwaar).<\/li><\/ul><p class=\"translation-block\">Om je rechten uit te oefenen: <a style=\"color: #000000;text-decoration: underline\" href=\"mailto:info@steppers.be\" target=\"_self\">info@steppers.be<\/a><\/p>\t\t\t\t\t\t\t\t<\/div>\n\t\t\t\t<\/div>\n\t\t<div class=\"elementor-element elementor-element-28fde3d e-con-full e-flex e-con e-child\" data-id=\"28fde3d\" data-element_type=\"container\" data-e-type=\"container\">\n\t\t\t\t<div class=\"elementor-element elementor-element-8568c12 elementor-widget elementor-widget-heading\" data-id=\"8568c12\" data-element_type=\"widget\" data-e-type=\"widget\" data-widget_type=\"heading.default\">\n\t\t\t\t\t<h2 class=\"elementor-heading-title elementor-size-default\">Hoe worden je gegevens beschermd ?<\/h2>\t\t\t\t<\/div>\n\t\t\t\t<div class=\"elementor-element elementor-element-4090a5d elementor-widget elementor-widget-text-editor\" data-id=\"4090a5d\" data-element_type=\"widget\" data-e-type=\"widget\" tabindex=\"0\" data-widget_type=\"text-editor.default\">\n\t\t\t\t\t\t\t\t\t<p>Steppers Studio neemt alle redelijke voorzorgsmaatregelen om de verzamelde gegevens te beschermen en ongeoorloofde toegang, gebruik of openbaarmaking te voorkomen.<\/p><p>Aangezien geen enkele elektronische opslagmethode volledig veilig is, kan absolute veiligheid echter niet worden gegarandeerd.<\/p>\t\t\t\t\t\t\t\t<\/div>\n\t\t\t\t<\/div>\n\t\t<div class=\"elementor-element elementor-element-65e1399 e-con-full e-flex e-con e-child\" data-id=\"65e1399\" data-element_type=\"container\" data-e-type=\"container\">\n\t\t\t\t<div class=\"elementor-element elementor-element-754e383 elementor-widget elementor-widget-heading\" data-id=\"754e383\" data-element_type=\"widget\" data-e-type=\"widget\" data-widget_type=\"heading.default\">\n\t\t\t\t\t<h2 class=\"elementor-heading-title elementor-size-default\">Wijzigingen in dit beleid<\/h2>\t\t\t\t<\/div>\n\t\t\t\t<div class=\"elementor-element elementor-element-9778a30 elementor-widget elementor-widget-text-editor\" data-id=\"9778a30\" data-element_type=\"widget\" data-e-type=\"widget\" tabindex=\"0\" data-widget_type=\"text-editor.default\">\n\t\t\t\t\t\t\t\t\t<p>Dit beleid kan worden bijgewerkt. Alle wijzigingen worden op deze pagina gepubliceerd met de datum van bijwerking.<\/p>\t\t\t\t\t\t\t\t<\/div>\n\t\t\t\t<\/div>\n\t\t<div class=\"elementor-element elementor-element-b40aa76 e-con-full e-flex e-con e-child\" data-id=\"b40aa76\" data-element_type=\"container\" data-e-type=\"container\">\n\t\t\t\t<div class=\"elementor-element elementor-element-66b8b46 elementor-widget elementor-widget-heading\" data-id=\"66b8b46\" data-element_type=\"widget\" data-e-type=\"widget\" data-widget_type=\"heading.default\">\n\t\t\t\t\t<h2 class=\"elementor-heading-title elementor-size-default\">Contact<\/h2>\t\t\t\t<\/div>\n\t\t\t\t<div class=\"elementor-element elementor-element-dbe5081 elementor-widget elementor-widget-text-editor\" data-id=\"dbe5081\" data-element_type=\"widget\" data-e-type=\"widget\" tabindex=\"0\" data-widget_type=\"text-editor.default\">\n\t\t\t\t\t\t\t\t\t<p class=\"translation-block\">Heb je vragen over je gegevens? Mail gerust: <a style=\"color: #000000;text-decoration: underline\" href=\"mailto:info@steppers.be\" target=\"_self\">info@steppers.be<\/a><\/p><p>Laatste update: 14-11-2025<\/p>\t\t\t\t\t\t\t\t<\/div>\n\t\t\t\t<\/div>\n\t\t\t\t<\/div>\n\t\t\t\t<\/div>\n\t\t\t\t\t<\/div>\n\t\t\t\t<\/div>\n\t\t\t\t<\/div>","protected":false},"excerpt":{"rendered":"<p>Politique de confidentialit\u00e9 Nous attachons une grande importance \u00e0 la protection de vos donn\u00e9es personnelles. Cette page explique quelles donn\u00e9es nous collectons, pourquoi, et comment elles sont utilis\u00e9es. Qui collecte vos donn\u00e9es ? Steppers StudioRue des Alli\u00e9s, 289 \u2013 1190 Forest, BelgiqueEmail : info@steppers.be Quelles donn\u00e9es sont collect\u00e9es ? Les r\u00e9ponses aux formulaires et questionnaires. [&hellip;]<\/p>\n","protected":false},"author":1,"featured_media":0,"parent":0,"menu_order":6,"comment_status":"closed","ping_status":"closed","template":"","meta":{"_acf_changed":false,"footnotes":""},"class_list":["post-4012","page","type-page","status-publish","hentry"],"acf":[],"yoast_head":"<!-- This site is optimized with the Yoast SEO plugin v27.3 - https:\/\/yoast.com\/product\/yoast-seo-wordpress\/ -->\n<title>Politique de confidentialit\u00e9 - Inclusive steps<\/title>\n<meta name=\"robots\" content=\"index, follow, max-snippet:-1, max-image-preview:large, max-video-preview:-1\" \/>\n<link rel=\"canonical\" href=\"https:\/\/inclusive-steps.be\/neerlandais\/politique-de-confidentialite\/\" \/>\n<meta property=\"og:locale\" content=\"nl_NL\" \/>\n<meta property=\"og:type\" content=\"article\" \/>\n<meta property=\"og:title\" content=\"Politique de confidentialit\u00e9 - Inclusive steps\" \/>\n<meta property=\"og:description\" content=\"Politique de confidentialit\u00e9 Nous attachons une grande importance \u00e0 la protection de vos donn\u00e9es personnelles. Cette page explique quelles donn\u00e9es nous collectons, pourquoi, et comment elles sont utilis\u00e9es. Qui collecte vos donn\u00e9es ? Steppers StudioRue des Alli\u00e9s, 289 \u2013 1190 Forest, BelgiqueEmail : info@steppers.be Quelles donn\u00e9es sont collect\u00e9es ? Les r\u00e9ponses aux formulaires et questionnaires. [&hellip;]\" \/>\n<meta property=\"og:url\" content=\"https:\/\/inclusive-steps.be\/neerlandais\/politique-de-confidentialite\/\" \/>\n<meta property=\"og:site_name\" content=\"Inclusive steps\" \/>\n<meta property=\"article:modified_time\" content=\"2025-11-20T15:39:16+00:00\" \/>\n<meta property=\"og:image\" content=\"https:\/\/inclusive-steps.be\/wp-content\/uploads\/2025\/11\/Screenshot_4.png\" \/>\n\t<meta property=\"og:image:width\" content=\"608\" \/>\n\t<meta property=\"og:image:height\" content=\"309\" \/>\n\t<meta property=\"og:image:type\" content=\"image\/png\" \/>\n<meta name=\"twitter:card\" content=\"summary_large_image\" \/>\n<meta name=\"twitter:label1\" content=\"Geschatte leestijd\" \/>\n\t<meta name=\"twitter:data1\" content=\"2 minuten\" \/>\n<script type=\"application\/ld+json\" class=\"yoast-schema-graph\">{\"@context\":\"https:\\\/\\\/schema.org\",\"@graph\":[{\"@type\":\"WebPage\",\"@id\":\"https:\\\/\\\/inclusive-steps.be\\\/politique-de-confidentialite\\\/\",\"url\":\"https:\\\/\\\/inclusive-steps.be\\\/politique-de-confidentialite\\\/\",\"name\":\"Politique de confidentialit\u00e9 - Inclusive steps\",\"isPartOf\":{\"@id\":\"https:\\\/\\\/inclusive-steps.be\\\/#website\"},\"datePublished\":\"2025-09-18T14:11:04+00:00\",\"dateModified\":\"2025-11-20T15:39:16+00:00\",\"breadcrumb\":{\"@id\":\"https:\\\/\\\/inclusive-steps.be\\\/politique-de-confidentialite\\\/#breadcrumb\"},\"inLanguage\":\"nl-NL\",\"potentialAction\":[{\"@type\":\"ReadAction\",\"target\":[\"https:\\\/\\\/inclusive-steps.be\\\/politique-de-confidentialite\\\/\"]}]},{\"@type\":\"BreadcrumbList\",\"@id\":\"https:\\\/\\\/inclusive-steps.be\\\/politique-de-confidentialite\\\/#breadcrumb\",\"itemListElement\":[{\"@type\":\"ListItem\",\"position\":1,\"name\":\"Accueil\",\"item\":\"https:\\\/\\\/inclusive-steps.be\\\/\"},{\"@type\":\"ListItem\",\"position\":2,\"name\":\"Politique de confidentialit\u00e9\"}]},{\"@type\":\"WebSite\",\"@id\":\"https:\\\/\\\/inclusive-steps.be\\\/#website\",\"url\":\"https:\\\/\\\/inclusive-steps.be\\\/\",\"name\":\"Inclusive steps\",\"description\":\"Think accessible, build better\",\"publisher\":{\"@id\":\"https:\\\/\\\/inclusive-steps.be\\\/#organization\"},\"potentialAction\":[{\"@type\":\"SearchAction\",\"target\":{\"@type\":\"EntryPoint\",\"urlTemplate\":\"https:\\\/\\\/inclusive-steps.be\\\/?s={search_term_string}\"},\"query-input\":{\"@type\":\"PropertyValueSpecification\",\"valueRequired\":true,\"valueName\":\"search_term_string\"}}],\"inLanguage\":\"nl-NL\"},{\"@type\":\"Organization\",\"@id\":\"https:\\\/\\\/inclusive-steps.be\\\/#organization\",\"name\":\"Inclusive steps\",\"url\":\"https:\\\/\\\/inclusive-steps.be\\\/\",\"logo\":{\"@type\":\"ImageObject\",\"inLanguage\":\"nl-NL\",\"@id\":\"https:\\\/\\\/inclusive-steps.be\\\/#\\\/schema\\\/logo\\\/image\\\/\",\"url\":\"https:\\\/\\\/inclusive-steps.be\\\/wp-content\\\/uploads\\\/2025\\\/09\\\/favicon.svg\",\"contentUrl\":\"https:\\\/\\\/inclusive-steps.be\\\/wp-content\\\/uploads\\\/2025\\\/09\\\/favicon.svg\",\"width\":58,\"height\":57,\"caption\":\"Inclusive steps\"},\"image\":{\"@id\":\"https:\\\/\\\/inclusive-steps.be\\\/#\\\/schema\\\/logo\\\/image\\\/\"}}]}<\/script>\n<!-- \/ Yoast SEO plugin. -->","yoast_head_json":{"title":"Politique de confidentialit\u00e9 - Inclusive steps","robots":{"index":"index","follow":"follow","max-snippet":"max-snippet:-1","max-image-preview":"max-image-preview:large","max-video-preview":"max-video-preview:-1"},"canonical":"https:\/\/inclusive-steps.be\/neerlandais\/politique-de-confidentialite\/","og_locale":"nl_NL","og_type":"article","og_title":"Politique de confidentialit\u00e9 - Inclusive steps","og_description":"Politique de confidentialit\u00e9 Nous attachons une grande importance \u00e0 la protection de vos donn\u00e9es personnelles. Cette page explique quelles donn\u00e9es nous collectons, pourquoi, et comment elles sont utilis\u00e9es. Qui collecte vos donn\u00e9es ? Steppers StudioRue des Alli\u00e9s, 289 \u2013 1190 Forest, BelgiqueEmail : info@steppers.be Quelles donn\u00e9es sont collect\u00e9es ? Les r\u00e9ponses aux formulaires et questionnaires. [&hellip;]","og_url":"https:\/\/inclusive-steps.be\/neerlandais\/politique-de-confidentialite\/","og_site_name":"Inclusive steps","article_modified_time":"2025-11-20T15:39:16+00:00","og_image":[{"width":608,"height":309,"url":"https:\/\/inclusive-steps.be\/wp-content\/uploads\/2025\/11\/Screenshot_4.png","type":"image\/png"}],"twitter_card":"summary_large_image","twitter_misc":{"Geschatte leestijd":"2 minuten"},"schema":{"@context":"https:\/\/schema.org","@graph":[{"@type":"WebPage","@id":"https:\/\/inclusive-steps.be\/politique-de-confidentialite\/","url":"https:\/\/inclusive-steps.be\/politique-de-confidentialite\/","name":"Politique de confidentialit\u00e9 - Inclusive steps","isPartOf":{"@id":"https:\/\/inclusive-steps.be\/#website"},"datePublished":"2025-09-18T14:11:04+00:00","dateModified":"2025-11-20T15:39:16+00:00","breadcrumb":{"@id":"https:\/\/inclusive-steps.be\/politique-de-confidentialite\/#breadcrumb"},"inLanguage":"nl-NL","potentialAction":[{"@type":"ReadAction","target":["https:\/\/inclusive-steps.be\/politique-de-confidentialite\/"]}]},{"@type":"BreadcrumbList","@id":"https:\/\/inclusive-steps.be\/politique-de-confidentialite\/#breadcrumb","itemListElement":[{"@type":"ListItem","position":1,"name":"Accueil","item":"https:\/\/inclusive-steps.be\/"},{"@type":"ListItem","position":2,"name":"Politique de confidentialit\u00e9"}]},{"@type":"WebSite","@id":"https:\/\/inclusive-steps.be\/#website","url":"https:\/\/inclusive-steps.be\/","name":"Inclusive steps","description":"Think accessible, build better","publisher":{"@id":"https:\/\/inclusive-steps.be\/#organization"},"potentialAction":[{"@type":"SearchAction","target":{"@type":"EntryPoint","urlTemplate":"https:\/\/inclusive-steps.be\/?s={search_term_string}"},"query-input":{"@type":"PropertyValueSpecification","valueRequired":true,"valueName":"search_term_string"}}],"inLanguage":"nl-NL"},{"@type":"Organization","@id":"https:\/\/inclusive-steps.be\/#organization","name":"Inclusive steps","url":"https:\/\/inclusive-steps.be\/","logo":{"@type":"ImageObject","inLanguage":"nl-NL","@id":"https:\/\/inclusive-steps.be\/#\/schema\/logo\/image\/","url":"https:\/\/inclusive-steps.be\/wp-content\/uploads\/2025\/09\/favicon.svg","contentUrl":"https:\/\/inclusive-steps.be\/wp-content\/uploads\/2025\/09\/favicon.svg","width":58,"height":57,"caption":"Inclusive steps"},"image":{"@id":"https:\/\/inclusive-steps.be\/#\/schema\/logo\/image\/"}}]}},"_links":{"self":[{"href":"https:\/\/inclusive-steps.be\/neerlandais\/wp-json\/wp\/v2\/pages\/4012","targetHints":{"allow":["GET"]}}],"collection":[{"href":"https:\/\/inclusive-steps.be\/neerlandais\/wp-json\/wp\/v2\/pages"}],"about":[{"href":"https:\/\/inclusive-steps.be\/neerlandais\/wp-json\/wp\/v2\/types\/page"}],"author":[{"embeddable":true,"href":"https:\/\/inclusive-steps.be\/neerlandais\/wp-json\/wp\/v2\/users\/1"}],"replies":[{"embeddable":true,"href":"https:\/\/inclusive-steps.be\/neerlandais\/wp-json\/wp\/v2\/comments?post=4012"}],"version-history":[{"count":10,"href":"https:\/\/inclusive-steps.be\/neerlandais\/wp-json\/wp\/v2\/pages\/4012\/revisions"}],"predecessor-version":[{"id":5841,"href":"https:\/\/inclusive-steps.be\/neerlandais\/wp-json\/wp\/v2\/pages\/4012\/revisions\/5841"}],"wp:attachment":[{"href":"https:\/\/inclusive-steps.be\/neerlandais\/wp-json\/wp\/v2\/media?parent=4012"}],"curies":[{"name":"wp","href":"https:\/\/api.w.org\/{rel}","templated":true}]}}