{"id":5363,"date":"2025-11-17T11:36:21","date_gmt":"2025-11-17T10:36:21","guid":{"rendered":"https:\/\/inclusive.wp.steppers.be\/?page_id=5363"},"modified":"2026-02-03T12:05:58","modified_gmt":"2026-02-03T11:05:58","slug":"eco-conception","status":"publish","type":"page","link":"https:\/\/inclusive-steps.be\/neerlandais\/eco-conception\/","title":{"rendered":"Eco-ontwerp"},"content":{"rendered":"<div data-elementor-type=\"wp-page\" data-elementor-id=\"5363\" class=\"elementor elementor-5363\" data-elementor-post-type=\"page\">\n\t\t\t\t<div class=\"elementor-element elementor-element-d0907af e-flex e-con-boxed e-con e-parent\" data-id=\"d0907af\" data-element_type=\"container\" data-e-type=\"container\">\n\t\t\t\t\t<div class=\"e-con-inner\">\n\t\t<div class=\"elementor-element elementor-element-64724b6 e-con-full e-flex e-con e-child\" data-id=\"64724b6\" data-element_type=\"container\" data-e-type=\"container\">\n\t\t\t\t<div class=\"elementor-element elementor-element-8909927 elementor-widget elementor-widget-heading\" data-id=\"8909927\" data-element_type=\"widget\" data-e-type=\"widget\" tabindex=\"0\" data-widget_type=\"heading.default\">\n\t\t\t\t\t<h2 class=\"elementor-heading-title elementor-size-default\">Eco-ontwerp<\/h2>\t\t\t\t<\/div>\n\t\t<div class=\"elementor-element elementor-element-01d5cdd e-con-full e-flex e-con e-child\" data-id=\"01d5cdd\" data-element_type=\"container\" data-e-type=\"container\" data-settings=\"{&quot;background_background&quot;:&quot;classic&quot;}\">\n\t\t\t\t<div class=\"elementor-element elementor-element-c2da4a9 elementor-widget elementor-widget-text-editor\" data-id=\"c2da4a9\" data-element_type=\"widget\" data-e-type=\"widget\" tabindex=\"0\" data-widget_type=\"text-editor.default\">\n\t\t\t\t\t\t\t\t\t<p data-prosemirror-content-type=\"node\" data-prosemirror-node-name=\"paragraph\" data-prosemirror-node-block=\"true\" data-pm-slice=\"1 1 []\">Nous avons con\u00e7u ce site avec une approche d\u2019\u00e9coconception, pour allier esth\u00e9tique, performance et sobri\u00e9t\u00e9 num\u00e9rique.<br data-prosemirror-content-type=\"node\" data-prosemirror-node-name=\"hardBreak\" data-prosemirror-node-inline=\"true\" \/>L\u2019objectif est de cr\u00e9er une exp\u00e9rience web agr\u00e9able, accessible et durable, tout en limitant leur impact environnemental.<\/p>\t\t\t\t\t\t\t\t<\/div>\n\t\t<div class=\"elementor-element elementor-element-d7fba22 e-con-full e-flex e-con e-child\" data-id=\"d7fba22\" data-element_type=\"container\" data-e-type=\"container\">\n\t\t\t\t<div class=\"elementor-element elementor-element-e33245e elementor-widget elementor-widget-heading\" data-id=\"e33245e\" data-element_type=\"widget\" data-e-type=\"widget\" data-widget_type=\"heading.default\">\n\t\t\t\t\t<h2 class=\"elementor-heading-title elementor-size-default\">1. Doordacht ontwerp<\/h2>\t\t\t\t<\/div>\n\t\t\t\t<div class=\"elementor-element elementor-element-0adef07 elementor-widget elementor-widget-text-editor\" data-id=\"0adef07\" data-element_type=\"widget\" data-e-type=\"widget\" tabindex=\"0\" data-widget_type=\"text-editor.default\">\n\t\t\t\t\t\t\t\t\t<p>Elke pagina, elke sectie en elk navigatie-element is ontworpen met een doel voor ogen: een duidelijke structuur, vloeiende navigatie en relevante inhoud.<\/p><p>Door overbodige pagina's en bronnen te verwijderen, wordt de omvang van de website beperkt en de algehele prestatie verbeterd, terwijl de impact op het milieu wordt verminderd.<\/p><p class=\"translation-block\">De inhoud is ook ontworpen om \"evergreen\" te zijn, wat betekent dat deze nuttig en relevant blijft in de loop van de tijd, zonder dat er frequente updates nodig zijn. Dit zorgt ervoor dat de website effici\u00ebnt en duurzaam blijft.<\/p>\t\t\t\t\t\t\t\t<\/div>\n\t\t\t\t<\/div>\n\t\t<div class=\"elementor-element elementor-element-cf05ec4 e-con-full e-flex e-con e-child\" data-id=\"cf05ec4\" data-element_type=\"container\" data-e-type=\"container\">\n\t\t\t\t<div class=\"elementor-element elementor-element-e0e1184 elementor-widget elementor-widget-heading\" data-id=\"e0e1184\" data-element_type=\"widget\" data-e-type=\"widget\" data-widget_type=\"heading.default\">\n\t\t\t\t\t<h2 class=\"elementor-heading-title elementor-size-default\">2. Geoptimaliseerde prestaties<\/h2>\t\t\t\t<\/div>\n\t\t\t\t<div class=\"elementor-element elementor-element-362fb83 elementor-widget elementor-widget-text-editor\" data-id=\"362fb83\" data-element_type=\"widget\" data-e-type=\"widget\" tabindex=\"0\" data-widget_type=\"text-editor.default\">\n\t\t\t\t\t\t\t\t\t<ul><li>Compressie en aanpassing van de afmetingen van afbeeldingen<\/li><li>Uitgesteld laden van media (lazy-loading)<\/li><li>Beperking van overbodige scripts van derden<\/li><li>Caching en minificatie van de code<\/li><li>Beperking van plug-ins<\/li><\/ul><p>Deze optimalisaties verminderen het energieverbruik van servers en verbeteren de weergavesnelheid.<\/p>\t\t\t\t\t\t\t\t<\/div>\n\t\t\t\t<\/div>\n\t\t<div class=\"elementor-element elementor-element-1035858 e-con-full e-flex e-con e-child\" data-id=\"1035858\" data-element_type=\"container\" data-e-type=\"container\">\n\t\t\t\t<div class=\"elementor-element elementor-element-7a7be6b elementor-widget elementor-widget-heading\" data-id=\"7a7be6b\" data-element_type=\"widget\" data-e-type=\"widget\" data-widget_type=\"heading.default\">\n\t\t\t\t\t<h2 class=\"elementor-heading-title elementor-size-default\">3. Verantwoord ontwerp<\/h2>\t\t\t\t<\/div>\n\t\t\t\t<div class=\"elementor-element elementor-element-df3def6 elementor-widget elementor-widget-text-editor\" data-id=\"df3def6\" data-element_type=\"widget\" data-e-type=\"widget\" tabindex=\"0\" data-widget_type=\"text-editor.default\">\n\t\t\t\t\t\t\t\t\t<p>Voor een verantwoord ontwerp geven we de voorkeur aan :<\/p><ul><li>Een relevant kleurgebruik dat voldoet aan de contrastvereisten<\/li><li>Een unieke, lokaal gehoste typografie<\/li><li>Lichte en niet-opdringerige animaties<\/li><\/ul>\t\t\t\t\t\t\t\t<\/div>\n\t\t\t\t<\/div>\n\t\t<div class=\"elementor-element elementor-element-9ca3467 e-con-full e-flex e-con e-child\" data-id=\"9ca3467\" data-element_type=\"container\" data-e-type=\"container\">\n\t\t\t\t<div class=\"elementor-element elementor-element-5d8b383 elementor-widget elementor-widget-heading\" data-id=\"5d8b383\" data-element_type=\"widget\" data-e-type=\"widget\" data-widget_type=\"heading.default\">\n\t\t\t\t\t<h2 class=\"elementor-heading-title elementor-size-default\">4. Groene hosting<\/h2>\t\t\t\t<\/div>\n\t\t\t\t<div class=\"elementor-element elementor-element-4901e71 elementor-widget elementor-widget-text-editor\" data-id=\"4901e71\" data-element_type=\"widget\" data-e-type=\"widget\" tabindex=\"0\" data-widget_type=\"text-editor.default\">\n\t\t\t\t\t\t\t\t\t<p>Ons project wordt gehost door Infomaniak, waarvan de verantwoordelijke aanpak is gecertificeerd door verschillende erkende normen :<\/p><ul><li>ISO 14001: 2015 - Milieumanagement<\/li><li class=\"translation-block\">ISO 50001: 2018 - Energiemanagement\n(Link naar de onderscheidingen en certificeringen van <a href=\"https:\/\/www.infomaniak.com\/fr\/ecologie\/certificats-recompenses\" target=\"_self\"><span style=\"text-decoration: underline;color: #000000\">Infomaniak<\/span><\/a>)<\/li><\/ul>\t\t\t\t\t\t\t\t<\/div>\n\t\t\t\t<\/div>\n\t\t<div class=\"elementor-element elementor-element-3ab6fe5 e-con-full e-flex e-con e-child\" data-id=\"3ab6fe5\" data-element_type=\"container\" data-e-type=\"container\">\n\t\t\t\t<div class=\"elementor-element elementor-element-85cbcbe elementor-widget elementor-widget-heading\" data-id=\"85cbcbe\" data-element_type=\"widget\" data-e-type=\"widget\" data-widget_type=\"heading.default\">\n\t\t\t\t\t<h2 class=\"elementor-heading-title elementor-size-default\">5. Onderhoud en duurzaamheid<\/h2>\t\t\t\t<\/div>\n\t\t\t\t<div class=\"elementor-element elementor-element-d7bf98d elementor-widget elementor-widget-text-editor\" data-id=\"d7bf98d\" data-element_type=\"widget\" data-e-type=\"widget\" tabindex=\"0\" data-widget_type=\"text-editor.default\">\n\t\t\t\t\t\t\t\t\t<p>Een goed ontworpen website gaat langer mee.<\/p><p>Wij geven de voorkeur aan oplossingen die gemakkelijk te updaten en duurzaam zijn, om onnodige herontwerpen en verspilling van middelen te voorkomen.<\/p>\t\t\t\t\t\t\t\t<\/div>\n\t\t\t\t<\/div>\n\t\t\t\t<\/div>\n\t\t\t\t<\/div>\n\t\t\t\t\t<\/div>\n\t\t\t\t<\/div>\n\t\t\t\t<\/div>","protected":false},"excerpt":{"rendered":"<p>D\u00e9marche d&rsquo;\u00e9co-conception Nous avons con\u00e7u ce site avec une approche d\u2019\u00e9coconception, pour allier esth\u00e9tique, performance et sobri\u00e9t\u00e9 num\u00e9rique.L\u2019objectif est de cr\u00e9er une exp\u00e9rience web agr\u00e9able, accessible et durable, tout en limitant leur impact environnemental. 1. Conception raisonn\u00e9e Chaque page, chaque section et chaque \u00e9l\u00e9ment de navigation a \u00e9t\u00e9 con\u00e7u pour avoir une raison d\u2019\u00eatre : [&hellip;]<\/p>\n","protected":false},"author":1,"featured_media":0,"parent":0,"menu_order":4,"comment_status":"closed","ping_status":"closed","template":"","meta":{"_acf_changed":false,"footnotes":""},"class_list":["post-5363","page","type-page","status-publish","hentry"],"acf":[],"yoast_head":"<!-- This site is optimized with the Yoast SEO plugin v27.3 - https:\/\/yoast.com\/product\/yoast-seo-wordpress\/ -->\n<title>Eco-conception - Inclusive steps<\/title>\n<meta name=\"robots\" content=\"index, follow, max-snippet:-1, max-image-preview:large, max-video-preview:-1\" \/>\n<link rel=\"canonical\" href=\"https:\/\/inclusive-steps.be\/neerlandais\/eco-conception\/\" \/>\n<meta property=\"og:locale\" content=\"nl_NL\" \/>\n<meta property=\"og:type\" content=\"article\" \/>\n<meta property=\"og:title\" content=\"Eco-conception - Inclusive steps\" \/>\n<meta property=\"og:description\" content=\"D\u00e9marche d&rsquo;\u00e9co-conception Nous avons con\u00e7u ce site avec une approche d\u2019\u00e9coconception, pour allier esth\u00e9tique, performance et sobri\u00e9t\u00e9 num\u00e9rique.L\u2019objectif est de cr\u00e9er une exp\u00e9rience web agr\u00e9able, accessible et durable, tout en limitant leur impact environnemental. 1. Conception raisonn\u00e9e Chaque page, chaque section et chaque \u00e9l\u00e9ment de navigation a \u00e9t\u00e9 con\u00e7u pour avoir une raison d\u2019\u00eatre : [&hellip;]\" \/>\n<meta property=\"og:url\" content=\"https:\/\/inclusive-steps.be\/neerlandais\/eco-conception\/\" \/>\n<meta property=\"og:site_name\" content=\"Inclusive steps\" \/>\n<meta property=\"article:modified_time\" content=\"2026-02-03T11:05:58+00:00\" \/>\n<meta property=\"og:image\" content=\"https:\/\/inclusive-steps.be\/wp-content\/uploads\/2025\/11\/Screenshot_4.png\" \/>\n\t<meta property=\"og:image:width\" content=\"608\" \/>\n\t<meta property=\"og:image:height\" content=\"309\" \/>\n\t<meta property=\"og:image:type\" content=\"image\/png\" \/>\n<meta name=\"twitter:card\" content=\"summary_large_image\" \/>\n<meta name=\"twitter:label1\" content=\"Geschatte leestijd\" \/>\n\t<meta name=\"twitter:data1\" content=\"2 minuten\" \/>\n<script type=\"application\/ld+json\" class=\"yoast-schema-graph\">{\"@context\":\"https:\\\/\\\/schema.org\",\"@graph\":[{\"@type\":\"WebPage\",\"@id\":\"https:\\\/\\\/inclusive-steps.be\\\/eco-conception\\\/\",\"url\":\"https:\\\/\\\/inclusive-steps.be\\\/eco-conception\\\/\",\"name\":\"Eco-conception - Inclusive steps\",\"isPartOf\":{\"@id\":\"https:\\\/\\\/inclusive-steps.be\\\/#website\"},\"datePublished\":\"2025-11-17T10:36:21+00:00\",\"dateModified\":\"2026-02-03T11:05:58+00:00\",\"breadcrumb\":{\"@id\":\"https:\\\/\\\/inclusive-steps.be\\\/eco-conception\\\/#breadcrumb\"},\"inLanguage\":\"nl-NL\",\"potentialAction\":[{\"@type\":\"ReadAction\",\"target\":[\"https:\\\/\\\/inclusive-steps.be\\\/eco-conception\\\/\"]}]},{\"@type\":\"BreadcrumbList\",\"@id\":\"https:\\\/\\\/inclusive-steps.be\\\/eco-conception\\\/#breadcrumb\",\"itemListElement\":[{\"@type\":\"ListItem\",\"position\":1,\"name\":\"Accueil\",\"item\":\"https:\\\/\\\/inclusive-steps.be\\\/\"},{\"@type\":\"ListItem\",\"position\":2,\"name\":\"Eco-conception\"}]},{\"@type\":\"WebSite\",\"@id\":\"https:\\\/\\\/inclusive-steps.be\\\/#website\",\"url\":\"https:\\\/\\\/inclusive-steps.be\\\/\",\"name\":\"Inclusive steps\",\"description\":\"Think accessible, build better\",\"publisher\":{\"@id\":\"https:\\\/\\\/inclusive-steps.be\\\/#organization\"},\"potentialAction\":[{\"@type\":\"SearchAction\",\"target\":{\"@type\":\"EntryPoint\",\"urlTemplate\":\"https:\\\/\\\/inclusive-steps.be\\\/?s={search_term_string}\"},\"query-input\":{\"@type\":\"PropertyValueSpecification\",\"valueRequired\":true,\"valueName\":\"search_term_string\"}}],\"inLanguage\":\"nl-NL\"},{\"@type\":\"Organization\",\"@id\":\"https:\\\/\\\/inclusive-steps.be\\\/#organization\",\"name\":\"Inclusive steps\",\"url\":\"https:\\\/\\\/inclusive-steps.be\\\/\",\"logo\":{\"@type\":\"ImageObject\",\"inLanguage\":\"nl-NL\",\"@id\":\"https:\\\/\\\/inclusive-steps.be\\\/#\\\/schema\\\/logo\\\/image\\\/\",\"url\":\"https:\\\/\\\/inclusive-steps.be\\\/wp-content\\\/uploads\\\/2025\\\/09\\\/favicon.svg\",\"contentUrl\":\"https:\\\/\\\/inclusive-steps.be\\\/wp-content\\\/uploads\\\/2025\\\/09\\\/favicon.svg\",\"width\":58,\"height\":57,\"caption\":\"Inclusive steps\"},\"image\":{\"@id\":\"https:\\\/\\\/inclusive-steps.be\\\/#\\\/schema\\\/logo\\\/image\\\/\"}}]}<\/script>\n<!-- \/ Yoast SEO plugin. -->","yoast_head_json":{"title":"Eco-conception - Inclusive steps","robots":{"index":"index","follow":"follow","max-snippet":"max-snippet:-1","max-image-preview":"max-image-preview:large","max-video-preview":"max-video-preview:-1"},"canonical":"https:\/\/inclusive-steps.be\/neerlandais\/eco-conception\/","og_locale":"nl_NL","og_type":"article","og_title":"Eco-conception - Inclusive steps","og_description":"D\u00e9marche d&rsquo;\u00e9co-conception Nous avons con\u00e7u ce site avec une approche d\u2019\u00e9coconception, pour allier esth\u00e9tique, performance et sobri\u00e9t\u00e9 num\u00e9rique.L\u2019objectif est de cr\u00e9er une exp\u00e9rience web agr\u00e9able, accessible et durable, tout en limitant leur impact environnemental. 1. Conception raisonn\u00e9e Chaque page, chaque section et chaque \u00e9l\u00e9ment de navigation a \u00e9t\u00e9 con\u00e7u pour avoir une raison d\u2019\u00eatre : [&hellip;]","og_url":"https:\/\/inclusive-steps.be\/neerlandais\/eco-conception\/","og_site_name":"Inclusive steps","article_modified_time":"2026-02-03T11:05:58+00:00","og_image":[{"width":608,"height":309,"url":"https:\/\/inclusive-steps.be\/wp-content\/uploads\/2025\/11\/Screenshot_4.png","type":"image\/png"}],"twitter_card":"summary_large_image","twitter_misc":{"Geschatte leestijd":"2 minuten"},"schema":{"@context":"https:\/\/schema.org","@graph":[{"@type":"WebPage","@id":"https:\/\/inclusive-steps.be\/eco-conception\/","url":"https:\/\/inclusive-steps.be\/eco-conception\/","name":"Eco-conception - Inclusive steps","isPartOf":{"@id":"https:\/\/inclusive-steps.be\/#website"},"datePublished":"2025-11-17T10:36:21+00:00","dateModified":"2026-02-03T11:05:58+00:00","breadcrumb":{"@id":"https:\/\/inclusive-steps.be\/eco-conception\/#breadcrumb"},"inLanguage":"nl-NL","potentialAction":[{"@type":"ReadAction","target":["https:\/\/inclusive-steps.be\/eco-conception\/"]}]},{"@type":"BreadcrumbList","@id":"https:\/\/inclusive-steps.be\/eco-conception\/#breadcrumb","itemListElement":[{"@type":"ListItem","position":1,"name":"Accueil","item":"https:\/\/inclusive-steps.be\/"},{"@type":"ListItem","position":2,"name":"Eco-conception"}]},{"@type":"WebSite","@id":"https:\/\/inclusive-steps.be\/#website","url":"https:\/\/inclusive-steps.be\/","name":"Inclusive steps","description":"Think accessible, build better","publisher":{"@id":"https:\/\/inclusive-steps.be\/#organization"},"potentialAction":[{"@type":"SearchAction","target":{"@type":"EntryPoint","urlTemplate":"https:\/\/inclusive-steps.be\/?s={search_term_string}"},"query-input":{"@type":"PropertyValueSpecification","valueRequired":true,"valueName":"search_term_string"}}],"inLanguage":"nl-NL"},{"@type":"Organization","@id":"https:\/\/inclusive-steps.be\/#organization","name":"Inclusive steps","url":"https:\/\/inclusive-steps.be\/","logo":{"@type":"ImageObject","inLanguage":"nl-NL","@id":"https:\/\/inclusive-steps.be\/#\/schema\/logo\/image\/","url":"https:\/\/inclusive-steps.be\/wp-content\/uploads\/2025\/09\/favicon.svg","contentUrl":"https:\/\/inclusive-steps.be\/wp-content\/uploads\/2025\/09\/favicon.svg","width":58,"height":57,"caption":"Inclusive steps"},"image":{"@id":"https:\/\/inclusive-steps.be\/#\/schema\/logo\/image\/"}}]}},"_links":{"self":[{"href":"https:\/\/inclusive-steps.be\/neerlandais\/wp-json\/wp\/v2\/pages\/5363","targetHints":{"allow":["GET"]}}],"collection":[{"href":"https:\/\/inclusive-steps.be\/neerlandais\/wp-json\/wp\/v2\/pages"}],"about":[{"href":"https:\/\/inclusive-steps.be\/neerlandais\/wp-json\/wp\/v2\/types\/page"}],"author":[{"embeddable":true,"href":"https:\/\/inclusive-steps.be\/neerlandais\/wp-json\/wp\/v2\/users\/1"}],"replies":[{"embeddable":true,"href":"https:\/\/inclusive-steps.be\/neerlandais\/wp-json\/wp\/v2\/comments?post=5363"}],"version-history":[{"count":12,"href":"https:\/\/inclusive-steps.be\/neerlandais\/wp-json\/wp\/v2\/pages\/5363\/revisions"}],"predecessor-version":[{"id":6234,"href":"https:\/\/inclusive-steps.be\/neerlandais\/wp-json\/wp\/v2\/pages\/5363\/revisions\/6234"}],"wp:attachment":[{"href":"https:\/\/inclusive-steps.be\/neerlandais\/wp-json\/wp\/v2\/media?parent=5363"}],"curies":[{"name":"wp","href":"https:\/\/api.w.org\/{rel}","templated":true}]}}