{"id":5848,"date":"2025-11-20T16:44:00","date_gmt":"2025-11-20T15:44:00","guid":{"rendered":"https:\/\/inclusive-steps.be\/?page_id=5848"},"modified":"2025-12-03T17:11:42","modified_gmt":"2025-12-03T16:11:42","slug":"a-propos","status":"publish","type":"page","link":"https:\/\/inclusive-steps.be\/neerlandais\/a-propos\/","title":{"rendered":"A propos"},"content":{"rendered":"<div data-elementor-type=\"wp-page\" data-elementor-id=\"5848\" class=\"elementor elementor-5848\" data-elementor-post-type=\"page\">\n\t\t\t\t<div class=\"elementor-element elementor-element-f9819b6 e-con-full e-flex e-con e-parent\" data-id=\"f9819b6\" data-element_type=\"container\" data-e-type=\"container\">\n\t\t<div class=\"elementor-element elementor-element-c8ae83f e-con-full e-flex e-con e-child\" data-id=\"c8ae83f\" data-element_type=\"container\" data-e-type=\"container\">\n\t\t\t\t<div class=\"elementor-element elementor-element-bc8d5d1 elementor-widget elementor-widget-heading\" data-id=\"bc8d5d1\" data-element_type=\"widget\" data-e-type=\"widget\" tabindex=\"0\" data-widget_type=\"heading.default\">\n\t\t\t\t\t<h2 class=\"elementor-heading-title elementor-size-default\">Over Inclusive Steps<\/h2>\t\t\t\t<\/div>\n\t\t<div class=\"elementor-element elementor-element-3632c28 e-con-full e-flex e-con e-child\" data-id=\"3632c28\" data-element_type=\"container\" data-e-type=\"container\" data-settings=\"{&quot;background_background&quot;:&quot;classic&quot;}\">\n\t\t\t\t<div class=\"elementor-element elementor-element-df908aa elementor-widget elementor-widget-text-editor\" data-id=\"df908aa\" data-element_type=\"widget\" data-e-type=\"widget\" tabindex=\"0\" data-widget_type=\"text-editor.default\">\n\t\t\t\t\t\t\t\t\t<p>Het begon allemaal tijdens een werkvergadering. We begeleidden een team bij de herziening van hun website toen we de kwestie van toegankelijkheid ter sprake brachten. De reactie was spontaan en oprecht: \"Maar er is toch bijna niemand die onze site bezoekt en dat allemaal nodig heeft... We verkopen fietsen...\"<\/p><p>We probeerden uit te leggen en te argumenteren, maar het team bleef sceptisch. We hadden te weinig argumenten, concrete voorbeelden en duidelijke formuleringen.<br \/>We kenden de technische basis, maar niet noodzakelijkerwijs de beste manier om erover te praten.<\/p><p>Deze kloof raakte ons.<\/p><p>We balanceerden zelf tussen enthousiasme en twijfel: opgeleid maar weinig gevraagd, legitiem maar niet altijd zeker van onszelf, proactief maar zonder echte vraag van de markt. En in onze offertes bleef toegankelijkheid vaak een optionele toevoeging.<\/p><p>Deze bevinding \u2013 die ongetwijfeld veel professionals in de sector herkennen \u2013 gaf ons de drive. We wilden een tool maken om bewustzijn te wekken, begrip te kweken en een bondgenoot van digitale toegankelijkheid te zijn. Zo ontstond Inclusive Steps: een platform dat we graag hadden gehad bij het begin van onze eigen weg.<\/p>\t\t\t\t\t\t\t\t<\/div>\n\t\t<div class=\"elementor-element elementor-element-2855a98 e-con-full e-flex e-con e-child\" data-id=\"2855a98\" data-element_type=\"container\" data-e-type=\"container\">\n\t\t\t\t<div class=\"elementor-element elementor-element-b877d89 elementor-widget elementor-widget-heading\" data-id=\"b877d89\" data-element_type=\"widget\" data-e-type=\"widget\" data-widget_type=\"heading.default\">\n\t\t\t\t\t<h2 class=\"elementor-heading-title elementor-size-default\">Waar te beginnen? Een vraag die we onszelf ook hebben gesteld.<\/h2>\t\t\t\t<\/div>\n\t\t\t\t<div class=\"elementor-element elementor-element-73fa5fc elementor-widget elementor-widget-text-editor\" data-id=\"73fa5fc\" data-element_type=\"widget\" data-e-type=\"widget\" tabindex=\"0\" data-widget_type=\"text-editor.default\">\n\t\t\t\t\t\t\t\t\t<p>Voordat we aan oplossingen dachten, wilden we eerst de praktijk begrijpen.<br \/>We wilden onze ervaring niet als enig fundament voor het project presenteren.<\/p><p>Dus hebben we onderzocht hoe verschillende digitale professionals dit zien: digitale marketing, UX\/UI, webontwikkeling, content en communicatie, trainers...<\/p><p>De resultaten bevestigden een sterk vermoeden:<\/p><ul><li>Toegankelijkheid wordt weliswaar erkend, maar vaak op een vage manier.<\/li><li>De verantwoordelijkheid is verspreid: iedereen voelt zich betrokken, maar niemand weet echt waar te beginnen.<\/li><li>De hindernissen zijn tegelijk cultureel, organisatorisch, technisch en economisch.<\/li><li>En een opvallend gegeven: wie in positie stelde om anderen te overtuigen, zei al eerder tegen problemen aan te zijn gelopen.<\/li><\/ul><p>Duidelijk: het gaat niet om wil, maar om eenvoudige, toegankelijke en praktische middelen beter afgestemd op de werkelijkheid.<\/p>\t\t\t\t\t\t\t\t<\/div>\n\t\t\t\t<\/div>\n\t\t<div class=\"elementor-element elementor-element-70f3af7 e-con-full e-flex e-con e-child\" data-id=\"70f3af7\" data-element_type=\"container\" data-e-type=\"container\">\n\t\t\t\t<div class=\"elementor-element elementor-element-d9a9a5b elementor-widget elementor-widget-heading\" data-id=\"d9a9a5b\" data-element_type=\"widget\" data-e-type=\"widget\" data-widget_type=\"heading.default\">\n\t\t\t\t\t<h2 class=\"elementor-heading-title elementor-size-default\">Een platform om actie te ondernemen en kennis over te dragen<\/h2>\t\t\t\t<\/div>\n\t\t\t\t<div class=\"elementor-element elementor-element-51d349f elementor-widget elementor-widget-text-editor\" data-id=\"51d349f\" data-element_type=\"widget\" data-e-type=\"widget\" tabindex=\"0\" data-widget_type=\"text-editor.default\">\n\t\t\t\t\t\t\t\t\t<p class=\"translation-block\">Op grond van deze bevinding hebben we een webplatform ontworpen met drie fasen: om stap voor stap te groeien.<\/p>\t\t\t\t\t\t\t\t<\/div>\n\t\t\t\t<div class=\"elementor-element elementor-element-99f23fe elementor-widget elementor-widget-text-editor\" data-id=\"99f23fe\" data-element_type=\"widget\" data-e-type=\"widget\" tabindex=\"0\" data-widget_type=\"text-editor.default\">\n\t\t\t\t\t\t\t\t\t<p><strong>De dialoog openen en vooroordelen doorbreken<\/strong><\/p>\t\t\t\t\t\t\t\t<\/div>\n\t\t\t\t<div class=\"elementor-element elementor-element-61f9b48 elementor-widget elementor-widget-text-editor\" data-id=\"61f9b48\" data-element_type=\"widget\" data-e-type=\"widget\" tabindex=\"0\" data-widget_type=\"text-editor.default\">\n\t\t\t\t\t\t\t\t\t<p class=\"translation-block\">Toegankelijkheid lijdt onder misverstanden, hardnekkige mythes en een soms te technisch imago. We wilden een aantrekkelijke toegangspoort cre\u00ebren, die mensen enthousiast maakt voor het onderwerp.<\/p><p>Dit gebeurt aan de hand van :<\/p><ul><li>vijf korte video's om vooroordelen te ontkrachten;<\/li><li>een argumentenbank om niet sprakeloos te blijven tegenover vooroordelen.<\/li><\/ul>\t\t\t\t\t\t\t\t<\/div>\n\t\t\t\t<div class=\"elementor-element elementor-element-b1c1937 elementor-widget elementor-widget-text-editor\" data-id=\"b1c1937\" data-element_type=\"widget\" data-e-type=\"widget\" tabindex=\"0\" data-widget_type=\"text-editor.default\">\n\t\t\t\t\t\t\t\t\t<strong>Durf actie te ondernemen<\/strong>\t\t\t\t\t\t\t\t<\/div>\n\t\t\t\t<div class=\"elementor-element elementor-element-58c47d6 elementor-widget elementor-widget-text-editor\" data-id=\"58c47d6\" data-element_type=\"widget\" data-e-type=\"widget\" tabindex=\"0\" data-widget_type=\"text-editor.default\">\n\t\t\t\t\t\t\t\t\t<p>Zodra het bewustzijn is gewekt, moeten we concrete middelen bieden om vooruitgang te maken.<br \/>Het platform biedt :<\/p><ul><li>17 duidelijke en beknopte themabladen, aangevuld met handvatten, artikelen en referenties;<\/li><li>die zijn nagelezen door El\u00e9onore Sana, expert op het gebied van toegankelijkheid (Eqla asbl), om de juistheid en kwaliteit te garanderen;<\/li><li>afdrukbare materialen om speels concepten onder je teams te verspreiden;<\/li><li>een kaartspel om op een speelse manier te experimenteren en te leren.<\/li><\/ul>\t\t\t\t\t\t\t\t<\/div>\n\t\t\t\t<div class=\"elementor-element elementor-element-7c3acae elementor-widget elementor-widget-text-editor\" data-id=\"7c3acae\" data-element_type=\"widget\" data-e-type=\"widget\" tabindex=\"0\" data-widget_type=\"text-editor.default\">\n\t\t\t\t\t\t\t\t\t<strong>Overbrengen en luisteren<\/strong>\t\t\t\t\t\t\t\t<\/div>\n\t\t\t\t<div class=\"elementor-element elementor-element-e91c438 elementor-widget elementor-widget-text-editor\" data-id=\"e91c438\" data-element_type=\"widget\" data-e-type=\"widget\" tabindex=\"0\" data-widget_type=\"text-editor.default\">\n\t\t\t\t\t\t\t\t\t<p class=\"translation-block\">Toegankelijkheid mag niet alleen van boven af komen. Daarom hebben we de mogelijkheid toegevoegd om bij te dragen door bronnen of argumenten in te sturen.<\/p><p>Maar vooral een platform voor getuigenissen: het delen van verhalen van mensen voor wie digitale toegankelijkheid dagelijks ertoe doet. Wij geloven dat dit kan helpen een gezamenlijke cultuur te vormen waar diversiteit de norm is en waar iedereen in de sector een bijdrage kan leveren.<\/p>\t\t\t\t\t\t\t\t<\/div>\n\t\t\t\t<\/div>\n\t\t<div class=\"elementor-element elementor-element-0bcddbd e-con-full e-flex e-con e-child\" data-id=\"0bcddbd\" data-element_type=\"container\" data-e-type=\"container\">\n\t\t\t\t<div class=\"elementor-element elementor-element-5d32a6d elementor-widget elementor-widget-heading\" data-id=\"5d32a6d\" data-element_type=\"widget\" data-e-type=\"widget\" data-widget_type=\"heading.default\">\n\t\t\t\t\t<h2 class=\"elementor-heading-title elementor-size-default\">Onze keuzes op het gebied van inclusief schrijven<\/h2>\t\t\t\t<\/div>\n\t\t\t\t<div class=\"elementor-element elementor-element-c1bc952 elementor-widget elementor-widget-text-editor\" data-id=\"c1bc952\" data-element_type=\"widget\" data-e-type=\"widget\" tabindex=\"0\" data-widget_type=\"text-editor.default\">\n\t\t\t\t\t\t\t\t\t<p>Inclusief schrijven is een belangrijk aspect van toegankelijkheid. Het kan de vertegenwoordiging bevorderen, maar het lezen voor sommige mensen ook bemoeilijken, met name voor gebruikers van schermlezers.<\/p><p>We hebben daarom gekozen voor een gemengde aanpak door :<\/p><ul><li>zoveel mogelijk middenpunten vermijden;<\/li><li>incidenteel dubbele woorden te gebruiken wanneer de zin vloeiend blijft;<\/li><li>de voorkeur te geven aan genderneutrale termen en neutrale herformuleringen;<\/li><li>\"gebruik(st)er\" als unieke neologismevorm hanteren.<\/li><\/ul>\t\t\t\t\t\t\t\t<\/div>\n\t\t\t\t<\/div>\n\t\t<div class=\"elementor-element elementor-element-53c157d e-con-full e-flex e-con e-child\" data-id=\"53c157d\" data-element_type=\"container\" data-e-type=\"container\">\n\t\t\t\t<div class=\"elementor-element elementor-element-9c1051d elementor-widget elementor-widget-heading\" data-id=\"9c1051d\" data-element_type=\"widget\" data-e-type=\"widget\" data-widget_type=\"heading.default\">\n\t\t\t\t\t<h2 class=\"elementor-heading-title elementor-size-default\">Onze overtuiging<\/h2>\t\t\t\t<\/div>\n\t\t\t\t<div class=\"elementor-element elementor-element-f4efd07 elementor-widget elementor-widget-text-editor\" data-id=\"f4efd07\" data-element_type=\"widget\" data-e-type=\"widget\" tabindex=\"0\" data-widget_type=\"text-editor.default\">\n\t\t\t\t\t\t\t\t\t<p>Bij Steppers Studio zijn we ervan overtuigd dat toegankelijkheid een collectieve reflex moet worden, die niet alleen door experts wordt gedragen.<\/p><p>Iedereen kan, afhankelijk van zijn of haar beroep :<\/p><ul><li>basisprincipes begrijpen en toepassen;<\/li><li>zijn team bewust maken;<\/li><li>helpen om toegankelijkheid vanaf het begin van een project te integreren;<\/li><li>zichzelf bijscholen en zijn of haar professionele houding ontwikkelen.<\/li><\/ul><p>Deskundige bedrijven blijven onmisbaar voor complexe uitdagingen en langdurige begeleiding. Maar hoe meer de cultuur van toegankelijkheid zich verspreidt, hoe effectiever hun werk kan worden en hoe meer het gewaardeerd wordt...<\/p><p>Inclusive Steps wil een eenvoudig en aantrekkelijk startpunt zijn: om in je eigen tempo vooruitgang te boeken, je te concentreren op de stappen die binnen je bereik liggen en je te omringen met experts wanneer dat nodig is.<\/p><p>Door deze eerste stap te faciliteren, willen we een cultuur schetsen waar toegankelijkheid niet alleen technische restricties zijn, maar een gezamenlijke grondslag voor echt inclusieve projecten.<\/p>\t\t\t\t\t\t\t\t<\/div>\n\t\t\t\t<\/div>\n\t\t<div class=\"elementor-element elementor-element-1d12e46 e-con-full e-flex e-con e-child\" data-id=\"1d12e46\" data-element_type=\"container\" data-e-type=\"container\">\n\t\t\t\t<div class=\"elementor-element elementor-element-0f46e80 elementor-widget elementor-widget-heading\" data-id=\"0f46e80\" data-element_type=\"widget\" data-e-type=\"widget\" data-widget_type=\"heading.default\">\n\t\t\t\t\t<h2 class=\"elementor-heading-title elementor-size-default\">Wie staat achter Inclusive Steps?<\/h2>\t\t\t\t<\/div>\n\t\t\t\t<div class=\"elementor-element elementor-element-4c8604b elementor-widget elementor-widget-text-editor\" data-id=\"4c8604b\" data-element_type=\"widget\" data-e-type=\"widget\" tabindex=\"0\" data-widget_type=\"text-editor.default\">\n\t\t\t\t\t\t\t\t\t<p>Steppers Studio is een grafisch design- en strategiestudio die organisaties helpt hun projecten begrijpelijker, aantrekkelijker en toegankelijker te maken.<\/p><p>We ontwerpen visuele identiteiten, gedrukte en digitale media en ecologisch ontworpen websites, en bieden methodologische ondersteuning op het gebied van inclusie, digitale toegankelijkheid en ecologisch ontwerp.<\/p><p>Onze benadering weeft grafisch ontwerp, strategisch advies en ludieke kennisoverdracht samen. Door Inclusive Steps brengen wij dit in de praktijk: bijdragen tot en ondersteuning van de digitale sector op weg naar toegankelijkheid.<\/p>\t\t\t\t\t\t\t\t<\/div>\n\t\t\t\t<\/div>\n\t\t<div class=\"elementor-element elementor-element-5bef6b9 e-con-full e-flex e-con e-child\" data-id=\"5bef6b9\" data-element_type=\"container\" data-e-type=\"container\">\n\t\t\t\t<div class=\"elementor-element elementor-element-c426aab elementor-widget elementor-widget-heading\" data-id=\"c426aab\" data-element_type=\"widget\" data-e-type=\"widget\" data-widget_type=\"heading.default\">\n\t\t\t\t\t<h2 class=\"elementor-heading-title elementor-size-default\">Dankwoord<\/h2>\t\t\t\t<\/div>\n\t\t\t\t<div class=\"elementor-element elementor-element-ab1b766 elementor-widget elementor-widget-text-editor\" data-id=\"ab1b766\" data-element_type=\"widget\" data-e-type=\"widget\" tabindex=\"0\" data-widget_type=\"text-editor.default\">\n\t\t\t\t\t\t\t\t\t<p>Het Inclusive Steps-project werd mogelijk gemaakt dankzij de steun van de FOD Economie, die dit initiatief heeft helpen realiseren.<\/p><p class=\"translation-block\">Hartelijk dank aan \u00c9l\u00e9onore Sana, toegankelijkheidsexpert bij <a href=\"https:\/\/eqla.be\/\" target=\"_self\"><span style=\"color: #000000;text-decoration: underline\">Eqla vzw<\/span><\/a>, voor haar aandachtige proeflezing, haar waakzaamheid en haar waardevolle advies. Ook dank aan Catherine Borgers, directeur van de afdeling Opleiding &amp; Vrijwilligerswerk bij <a href=\"https:\/\/eqla.be\/\" target=\"_self\"><span style=\"color: #000000;text-decoration: underline\">Eqla vzw<\/span><\/a>, voor onze verrijkende uitwisselingen.<\/p><p class=\"translation-block\">We bedanken <a href=\"https:\/\/www.esenca.be\/\" target=\"_self\"><span style=\"color: #000000;text-decoration: underline\">ESENCA<\/span><\/a>van harte voor het verder delen van de verschillende fasen van het project en de oproepen tot deelname. In het bijzonder Manon Cools, projectmanager bij <a href=\"https:\/\/www.esenca.be\/\" target=\"_self\"><span style=\"color: #000000;text-decoration: underline\">ESENCA<\/span><\/a>, die ons tijdens onze samenwerking altijd heeft laten profiteren van haar visie en advies over kwesties in verband met handicaps.<\/p><p>Tot slot willen we iedereen bedanken die op enigerlei wijze aan dit project heeft bijgedragen: jullie steun, feedback en betrokkenheid waren van essentieel belang.<\/p>\t\t\t\t\t\t\t\t<\/div>\n\t\t\t\t<\/div>\n\t\t\t\t<\/div>\n\t\t\t\t<\/div>\n\t\t\t\t<\/div>\n\t\t\t\t<\/div>","protected":false},"excerpt":{"rendered":"<p>\u00c0 propos d&rsquo;Inclusive Steps Tout a commenc\u00e9 lors d\u2019une r\u00e9union de travail. Nous accompagnions une \u00e9quipe dans la refonte de son site web lorsque nous avons amen\u00e9 la question de l\u2019accessibilit\u00e9. La r\u00e9action a \u00e9t\u00e9 spontan\u00e9e et sinc\u00e8re, on nous a r\u00e9pondu : \u00ab Mais il n\u2019y a s\u00fbrement presque personne qui visite notre site [&hellip;]<\/p>\n","protected":false},"author":1,"featured_media":0,"parent":0,"menu_order":9,"comment_status":"closed","ping_status":"closed","template":"","meta":{"_acf_changed":false,"footnotes":""},"class_list":["post-5848","page","type-page","status-publish","hentry"],"acf":[],"yoast_head":"<!-- This site is optimized with the Yoast SEO plugin v27.3 - https:\/\/yoast.com\/product\/yoast-seo-wordpress\/ -->\n<title>A propos - Inclusive steps<\/title>\n<meta name=\"robots\" content=\"index, follow, max-snippet:-1, max-image-preview:large, max-video-preview:-1\" \/>\n<link rel=\"canonical\" href=\"https:\/\/inclusive-steps.be\/neerlandais\/a-propos\/\" \/>\n<meta property=\"og:locale\" content=\"nl_NL\" \/>\n<meta property=\"og:type\" content=\"article\" \/>\n<meta property=\"og:title\" content=\"A propos - Inclusive steps\" \/>\n<meta property=\"og:description\" content=\"\u00c0 propos d&rsquo;Inclusive Steps Tout a commenc\u00e9 lors d\u2019une r\u00e9union de travail. Nous accompagnions une \u00e9quipe dans la refonte de son site web lorsque nous avons amen\u00e9 la question de l\u2019accessibilit\u00e9. La r\u00e9action a \u00e9t\u00e9 spontan\u00e9e et sinc\u00e8re, on nous a r\u00e9pondu : \u00ab Mais il n\u2019y a s\u00fbrement presque personne qui visite notre site [&hellip;]\" \/>\n<meta property=\"og:url\" content=\"https:\/\/inclusive-steps.be\/neerlandais\/a-propos\/\" \/>\n<meta property=\"og:site_name\" content=\"Inclusive steps\" \/>\n<meta property=\"article:modified_time\" content=\"2025-12-03T16:11:42+00:00\" \/>\n<meta property=\"og:image\" content=\"https:\/\/inclusive-steps.be\/wp-content\/uploads\/2025\/11\/Screenshot_4.png\" \/>\n\t<meta property=\"og:image:width\" content=\"608\" \/>\n\t<meta property=\"og:image:height\" content=\"309\" \/>\n\t<meta property=\"og:image:type\" content=\"image\/png\" \/>\n<meta name=\"twitter:card\" content=\"summary_large_image\" \/>\n<meta name=\"twitter:label1\" content=\"Geschatte leestijd\" \/>\n\t<meta name=\"twitter:data1\" content=\"6 minuten\" \/>\n<script type=\"application\/ld+json\" class=\"yoast-schema-graph\">{\"@context\":\"https:\\\/\\\/schema.org\",\"@graph\":[{\"@type\":\"WebPage\",\"@id\":\"https:\\\/\\\/inclusive-steps.be\\\/a-propos\\\/\",\"url\":\"https:\\\/\\\/inclusive-steps.be\\\/a-propos\\\/\",\"name\":\"A propos - Inclusive steps\",\"isPartOf\":{\"@id\":\"https:\\\/\\\/inclusive-steps.be\\\/#website\"},\"datePublished\":\"2025-11-20T15:44:00+00:00\",\"dateModified\":\"2025-12-03T16:11:42+00:00\",\"breadcrumb\":{\"@id\":\"https:\\\/\\\/inclusive-steps.be\\\/a-propos\\\/#breadcrumb\"},\"inLanguage\":\"nl-NL\",\"potentialAction\":[{\"@type\":\"ReadAction\",\"target\":[\"https:\\\/\\\/inclusive-steps.be\\\/a-propos\\\/\"]}]},{\"@type\":\"BreadcrumbList\",\"@id\":\"https:\\\/\\\/inclusive-steps.be\\\/a-propos\\\/#breadcrumb\",\"itemListElement\":[{\"@type\":\"ListItem\",\"position\":1,\"name\":\"Accueil\",\"item\":\"https:\\\/\\\/inclusive-steps.be\\\/\"},{\"@type\":\"ListItem\",\"position\":2,\"name\":\"A propos\"}]},{\"@type\":\"WebSite\",\"@id\":\"https:\\\/\\\/inclusive-steps.be\\\/#website\",\"url\":\"https:\\\/\\\/inclusive-steps.be\\\/\",\"name\":\"Inclusive steps\",\"description\":\"Think accessible, build better\",\"publisher\":{\"@id\":\"https:\\\/\\\/inclusive-steps.be\\\/#organization\"},\"potentialAction\":[{\"@type\":\"SearchAction\",\"target\":{\"@type\":\"EntryPoint\",\"urlTemplate\":\"https:\\\/\\\/inclusive-steps.be\\\/?s={search_term_string}\"},\"query-input\":{\"@type\":\"PropertyValueSpecification\",\"valueRequired\":true,\"valueName\":\"search_term_string\"}}],\"inLanguage\":\"nl-NL\"},{\"@type\":\"Organization\",\"@id\":\"https:\\\/\\\/inclusive-steps.be\\\/#organization\",\"name\":\"Inclusive steps\",\"url\":\"https:\\\/\\\/inclusive-steps.be\\\/\",\"logo\":{\"@type\":\"ImageObject\",\"inLanguage\":\"nl-NL\",\"@id\":\"https:\\\/\\\/inclusive-steps.be\\\/#\\\/schema\\\/logo\\\/image\\\/\",\"url\":\"https:\\\/\\\/inclusive-steps.be\\\/wp-content\\\/uploads\\\/2025\\\/09\\\/favicon.svg\",\"contentUrl\":\"https:\\\/\\\/inclusive-steps.be\\\/wp-content\\\/uploads\\\/2025\\\/09\\\/favicon.svg\",\"width\":58,\"height\":57,\"caption\":\"Inclusive steps\"},\"image\":{\"@id\":\"https:\\\/\\\/inclusive-steps.be\\\/#\\\/schema\\\/logo\\\/image\\\/\"}}]}<\/script>\n<!-- \/ Yoast SEO plugin. -->","yoast_head_json":{"title":"A propos - Inclusive steps","robots":{"index":"index","follow":"follow","max-snippet":"max-snippet:-1","max-image-preview":"max-image-preview:large","max-video-preview":"max-video-preview:-1"},"canonical":"https:\/\/inclusive-steps.be\/neerlandais\/a-propos\/","og_locale":"nl_NL","og_type":"article","og_title":"A propos - Inclusive steps","og_description":"\u00c0 propos d&rsquo;Inclusive Steps Tout a commenc\u00e9 lors d\u2019une r\u00e9union de travail. Nous accompagnions une \u00e9quipe dans la refonte de son site web lorsque nous avons amen\u00e9 la question de l\u2019accessibilit\u00e9. La r\u00e9action a \u00e9t\u00e9 spontan\u00e9e et sinc\u00e8re, on nous a r\u00e9pondu : \u00ab Mais il n\u2019y a s\u00fbrement presque personne qui visite notre site [&hellip;]","og_url":"https:\/\/inclusive-steps.be\/neerlandais\/a-propos\/","og_site_name":"Inclusive steps","article_modified_time":"2025-12-03T16:11:42+00:00","og_image":[{"width":608,"height":309,"url":"https:\/\/inclusive-steps.be\/wp-content\/uploads\/2025\/11\/Screenshot_4.png","type":"image\/png"}],"twitter_card":"summary_large_image","twitter_misc":{"Geschatte leestijd":"6 minuten"},"schema":{"@context":"https:\/\/schema.org","@graph":[{"@type":"WebPage","@id":"https:\/\/inclusive-steps.be\/a-propos\/","url":"https:\/\/inclusive-steps.be\/a-propos\/","name":"A propos - Inclusive steps","isPartOf":{"@id":"https:\/\/inclusive-steps.be\/#website"},"datePublished":"2025-11-20T15:44:00+00:00","dateModified":"2025-12-03T16:11:42+00:00","breadcrumb":{"@id":"https:\/\/inclusive-steps.be\/a-propos\/#breadcrumb"},"inLanguage":"nl-NL","potentialAction":[{"@type":"ReadAction","target":["https:\/\/inclusive-steps.be\/a-propos\/"]}]},{"@type":"BreadcrumbList","@id":"https:\/\/inclusive-steps.be\/a-propos\/#breadcrumb","itemListElement":[{"@type":"ListItem","position":1,"name":"Accueil","item":"https:\/\/inclusive-steps.be\/"},{"@type":"ListItem","position":2,"name":"A propos"}]},{"@type":"WebSite","@id":"https:\/\/inclusive-steps.be\/#website","url":"https:\/\/inclusive-steps.be\/","name":"Inclusive steps","description":"Think accessible, build better","publisher":{"@id":"https:\/\/inclusive-steps.be\/#organization"},"potentialAction":[{"@type":"SearchAction","target":{"@type":"EntryPoint","urlTemplate":"https:\/\/inclusive-steps.be\/?s={search_term_string}"},"query-input":{"@type":"PropertyValueSpecification","valueRequired":true,"valueName":"search_term_string"}}],"inLanguage":"nl-NL"},{"@type":"Organization","@id":"https:\/\/inclusive-steps.be\/#organization","name":"Inclusive steps","url":"https:\/\/inclusive-steps.be\/","logo":{"@type":"ImageObject","inLanguage":"nl-NL","@id":"https:\/\/inclusive-steps.be\/#\/schema\/logo\/image\/","url":"https:\/\/inclusive-steps.be\/wp-content\/uploads\/2025\/09\/favicon.svg","contentUrl":"https:\/\/inclusive-steps.be\/wp-content\/uploads\/2025\/09\/favicon.svg","width":58,"height":57,"caption":"Inclusive steps"},"image":{"@id":"https:\/\/inclusive-steps.be\/#\/schema\/logo\/image\/"}}]}},"_links":{"self":[{"href":"https:\/\/inclusive-steps.be\/neerlandais\/wp-json\/wp\/v2\/pages\/5848","targetHints":{"allow":["GET"]}}],"collection":[{"href":"https:\/\/inclusive-steps.be\/neerlandais\/wp-json\/wp\/v2\/pages"}],"about":[{"href":"https:\/\/inclusive-steps.be\/neerlandais\/wp-json\/wp\/v2\/types\/page"}],"author":[{"embeddable":true,"href":"https:\/\/inclusive-steps.be\/neerlandais\/wp-json\/wp\/v2\/users\/1"}],"replies":[{"embeddable":true,"href":"https:\/\/inclusive-steps.be\/neerlandais\/wp-json\/wp\/v2\/comments?post=5848"}],"version-history":[{"count":52,"href":"https:\/\/inclusive-steps.be\/neerlandais\/wp-json\/wp\/v2\/pages\/5848\/revisions"}],"predecessor-version":[{"id":6187,"href":"https:\/\/inclusive-steps.be\/neerlandais\/wp-json\/wp\/v2\/pages\/5848\/revisions\/6187"}],"wp:attachment":[{"href":"https:\/\/inclusive-steps.be\/neerlandais\/wp-json\/wp\/v2\/media?parent=5848"}],"curies":[{"name":"wp","href":"https:\/\/api.w.org\/{rel}","templated":true}]}}